{"id":45192,"date":"2024-11-25T13:37:26","date_gmt":"2024-11-25T12:37:26","guid":{"rendered":"https:\/\/sundar.be\/product\/depend-nail-polish-o2-oxygen-top-coat-5ml-3-pcs\/"},"modified":"2025-08-04T13:03:38","modified_gmt":"2025-08-04T11:03:38","slug":"depend-nail-polish-o2-oxygen-top-coat-5ml-3-pcs","status":"publish","type":"product","link":"https:\/\/sundar.be\/fr\/produit\/depend-nail-polish-o2-oxygen-top-coat-5ml-3-pcs\/","title":{"rendered":"Depend Nail Polish O2 Oxygen Top Coat, 5ml (3 pcs)"},"content":{"rendered":"<p>Vernis perm\u00e9able \u00e0 l&rsquo;oxyg\u00e8ne de la marque su\u00e9doise Depend O2. Gr\u00e2ce \u00e0 sa perm\u00e9abilit\u00e9 \u00e0 l&rsquo;oxyg\u00e8ne, ce vernis est adapt\u00e9 pour \u00eatre appliqu\u00e9 sur les ongles fongiques, tels que les ongles mycosiques ou les ongles de pied atteints de mycose. <\/p>\n<p>Le O2 Top Coat prot\u00e8ge votre vernis \u00e0 ongles color\u00e9 et garantit qu&rsquo;il dure plus longtemps avec une fini brillant. Appliquez deux couches fines sur un vernis sec. Pour un r\u00e9sultat plus durable, r\u00e9appliquez une fine couche tous les deux ou trois jours.  <\/p>\n","protected":false},"excerpt":{"rendered":"<p>Vernis perm\u00e9able \u00e0 l&rsquo;oxyg\u00e8ne de la marque su\u00e9doise Depend O2. Gr\u00e2ce \u00e0 sa perm\u00e9abilit\u00e9 \u00e0 l&rsquo;oxyg\u00e8ne, ce vernis est adapt\u00e9 pour \u00eatre appliqu\u00e9 sur les ongles fongiques, tels que les ongles mycosiques ou les ongles de pied atteints de mycose. Le O2 Top Coat prot\u00e8ge votre vernis \u00e0 ongles color\u00e9 et garantit qu&rsquo;il dure plus [&hellip;]<\/p>\n","protected":false},"featured_media":45153,"comment_status":"open","ping_status":"closed","template":"","meta":{"_acf_changed":false},"product_brand":[],"product_cat":[5089,5642,4761],"product_tag":[],"class_list":{"0":"post-45192","1":"product","2":"type-product","3":"status-publish","4":"has-post-thumbnail","6":"product_cat-depend-fr","7":"product_cat-depend-02-nail-polish","8":"product_cat-pose-ongles","10":"first","11":"instock","12":"taxable","13":"shipping-taxable","14":"product-type-simple"},"acf":[],"_links":{"self":[{"href":"https:\/\/sundar.be\/fr\/wp-json\/wp\/v2\/product\/45192","targetHints":{"allow":["GET"]}}],"collection":[{"href":"https:\/\/sundar.be\/fr\/wp-json\/wp\/v2\/product"}],"about":[{"href":"https:\/\/sundar.be\/fr\/wp-json\/wp\/v2\/types\/product"}],"replies":[{"embeddable":true,"href":"https:\/\/sundar.be\/fr\/wp-json\/wp\/v2\/comments?post=45192"}],"wp:featuredmedia":[{"embeddable":true,"href":"https:\/\/sundar.be\/fr\/wp-json\/wp\/v2\/media\/45153"}],"wp:attachment":[{"href":"https:\/\/sundar.be\/fr\/wp-json\/wp\/v2\/media?parent=45192"}],"wp:term":[{"taxonomy":"product_brand","embeddable":true,"href":"https:\/\/sundar.be\/fr\/wp-json\/wp\/v2\/product_brand?post=45192"},{"taxonomy":"product_cat","embeddable":true,"href":"https:\/\/sundar.be\/fr\/wp-json\/wp\/v2\/product_cat?post=45192"},{"taxonomy":"product_tag","embeddable":true,"href":"https:\/\/sundar.be\/fr\/wp-json\/wp\/v2\/product_tag?post=45192"}],"curies":[{"name":"wp","href":"https:\/\/api.w.org\/{rel}","templated":true}]}}