{"id":45191,"date":"2024-11-25T14:00:48","date_gmt":"2024-11-25T13:00:48","guid":{"rendered":"https:\/\/sundar.be\/product\/depend-nail-polish-remover-for-artificial-nails-250ml\/"},"modified":"2025-08-04T13:03:41","modified_gmt":"2025-08-04T11:03:41","slug":"depend-nail-polish-remover-for-artificial-nails-250ml","status":"publish","type":"product","link":"https:\/\/sundar.be\/fr\/produit\/depend-nail-polish-remover-for-artificial-nails-250ml\/","title":{"rendered":"Depend Nail Polish Remover for Artificial Nails, 250ml"},"content":{"rendered":"<p>Ne contient pas d&rsquo;ac\u00e9tone, ce qui r\u00e9duit le risque que l&rsquo;ongle devienne poreux ou endommage la surface naturelle de l&rsquo;ongle. Ne contient pas d&rsquo;huile, de colorant ou de parfum susceptibles de d\u00e9colorer l&rsquo;ongle ou de laisser des r\u00e9sidus sur la surface de l&rsquo;ongle qui pourraient affecter l&rsquo;adh\u00e9rence du vernis \u00e0 l&rsquo;ongle. <\/p>\n","protected":false},"excerpt":{"rendered":"<p>Dissolvant sp\u00e9cial pour le vernis \u00e0 ongles sur les ongles artificiels en acrylique, fibre, gel, etc.<\/p>\n","protected":false},"featured_media":45159,"comment_status":"open","ping_status":"closed","template":"","meta":{"_acf_changed":false},"product_brand":[],"product_cat":[5089,5975,4761,5802],"product_tag":[],"class_list":{"0":"post-45191","1":"product","2":"type-product","3":"status-publish","4":"has-post-thumbnail","6":"product_cat-depend-fr","7":"product_cat-depend-remover-cleansing-fr","8":"product_cat-pose-ongles","9":"product_cat-stylisme-ongulaire-marque","11":"first","12":"instock","13":"taxable","14":"shipping-taxable","15":"product-type-simple"},"acf":[],"_links":{"self":[{"href":"https:\/\/sundar.be\/fr\/wp-json\/wp\/v2\/product\/45191","targetHints":{"allow":["GET"]}}],"collection":[{"href":"https:\/\/sundar.be\/fr\/wp-json\/wp\/v2\/product"}],"about":[{"href":"https:\/\/sundar.be\/fr\/wp-json\/wp\/v2\/types\/product"}],"replies":[{"embeddable":true,"href":"https:\/\/sundar.be\/fr\/wp-json\/wp\/v2\/comments?post=45191"}],"wp:featuredmedia":[{"embeddable":true,"href":"https:\/\/sundar.be\/fr\/wp-json\/wp\/v2\/media\/45159"}],"wp:attachment":[{"href":"https:\/\/sundar.be\/fr\/wp-json\/wp\/v2\/media?parent=45191"}],"wp:term":[{"taxonomy":"product_brand","embeddable":true,"href":"https:\/\/sundar.be\/fr\/wp-json\/wp\/v2\/product_brand?post=45191"},{"taxonomy":"product_cat","embeddable":true,"href":"https:\/\/sundar.be\/fr\/wp-json\/wp\/v2\/product_cat?post=45191"},{"taxonomy":"product_tag","embeddable":true,"href":"https:\/\/sundar.be\/fr\/wp-json\/wp\/v2\/product_tag?post=45191"}],"curies":[{"name":"wp","href":"https:\/\/api.w.org\/{rel}","templated":true}]}}