{"id":45190,"date":"2024-11-25T15:08:40","date_gmt":"2024-11-25T14:08:40","guid":{"rendered":"https:\/\/sundar.be\/product\/depend-o2-cuticle-peeling-10ml\/"},"modified":"2025-08-04T13:03:57","modified_gmt":"2025-08-04T11:03:57","slug":"depend-o2-cuticle-peeling-10ml","status":"publish","type":"product","link":"https:\/\/sundar.be\/fr\/produit\/depend-o2-cuticle-peeling-10ml\/","title":{"rendered":"Depend O2 Cuticle Peeling, 10ml"},"content":{"rendered":"<p>Le gommage des cuticules O2 est la premi\u00e8re et la plus importante \u00e9tape pour une bonne qualit\u00e9 d&rsquo;ongles avec des ongles forts et sains. Nettoie et \u00e9limine les cellules mortes et les d\u00e9bris de l&rsquo;ongle. Enrichi en Aloe Vera. Effectuer le nettoyage avec Cuticle Peeling une fois par semaine.   <\/p>\n","protected":false},"excerpt":{"rendered":"<p>Le gommage des cuticules O2 est la premi\u00e8re et la plus importante \u00e9tape pour une bonne qualit\u00e9 d&rsquo;ongles avec des ongles forts et sains. Nettoie et \u00e9limine les cellules mortes et les d\u00e9bris de l&rsquo;ongle. Enrichi en Aloe Vera. Effectuer le nettoyage avec Cuticle Peeling une fois par semaine.<\/p>\n","protected":false},"featured_media":45178,"comment_status":"open","ping_status":"closed","template":"","meta":{"_acf_changed":false},"product_brand":[],"product_cat":[5089,5641,4761,4968],"product_tag":[],"class_list":{"0":"post-45190","1":"product","2":"type-product","3":"status-publish","4":"has-post-thumbnail","6":"product_cat-depend-fr","7":"product_cat-depend-nail-care-fr","8":"product_cat-pose-ongles","9":"product_cat-preparation-manucure","11":"first","12":"instock","13":"taxable","14":"shipping-taxable","15":"product-type-simple"},"acf":[],"_links":{"self":[{"href":"https:\/\/sundar.be\/fr\/wp-json\/wp\/v2\/product\/45190","targetHints":{"allow":["GET"]}}],"collection":[{"href":"https:\/\/sundar.be\/fr\/wp-json\/wp\/v2\/product"}],"about":[{"href":"https:\/\/sundar.be\/fr\/wp-json\/wp\/v2\/types\/product"}],"replies":[{"embeddable":true,"href":"https:\/\/sundar.be\/fr\/wp-json\/wp\/v2\/comments?post=45190"}],"wp:featuredmedia":[{"embeddable":true,"href":"https:\/\/sundar.be\/fr\/wp-json\/wp\/v2\/media\/45178"}],"wp:attachment":[{"href":"https:\/\/sundar.be\/fr\/wp-json\/wp\/v2\/media?parent=45190"}],"wp:term":[{"taxonomy":"product_brand","embeddable":true,"href":"https:\/\/sundar.be\/fr\/wp-json\/wp\/v2\/product_brand?post=45190"},{"taxonomy":"product_cat","embeddable":true,"href":"https:\/\/sundar.be\/fr\/wp-json\/wp\/v2\/product_cat?post=45190"},{"taxonomy":"product_tag","embeddable":true,"href":"https:\/\/sundar.be\/fr\/wp-json\/wp\/v2\/product_tag?post=45190"}],"curies":[{"name":"wp","href":"https:\/\/api.w.org\/{rel}","templated":true}]}}