{"id":45189,"date":"2024-11-25T15:00:55","date_gmt":"2024-11-25T14:00:55","guid":{"rendered":"https:\/\/sundar.be\/product\/depend-o2-argan-nail-oil-serum-10ml\/"},"modified":"2025-08-04T13:03:54","modified_gmt":"2025-08-04T11:03:54","slug":"depend-o2-argan-nail-oil-serum-10ml","status":"publish","type":"product","link":"https:\/\/sundar.be\/fr\/produit\/depend-o2-argan-nail-oil-serum-10ml\/","title":{"rendered":"Depend O2 Argan Nail Oil Serum, 10ml"},"content":{"rendered":"<p>Nail Oil Serum agit comme un s\u00e9rum pour le visage pour vos ongles, offrant un soin intensif pour les ongles en mauvais \u00e9tat. Il renforce et am\u00e9liore la qualit\u00e9 de vos ongles. <\/p>\n<p>Enrichi notamment en huile d&rsquo;argan, neonyca (graines de c\u00e9leri) et vitamine E, pour nourrir et hydrater les ongles. Le s\u00e9rum est le plus efficace lorsqu&rsquo;il est laiss\u00e9 \u00e0 agir pendant la nuit. <\/p>\n<p>Pourquoi ne pas le combiner pendant la journ\u00e9e avec l&rsquo;huile d&rsquo;ongles au raisin et \u00e0 l&rsquo;avocat ? Appliquez le s\u00e9rum sur la base de l&rsquo;ongle et massez pendant environ une minute pour permettre \u00e0 l&rsquo;huile de bien p\u00e9n\u00e9trer dans l&rsquo;ongle. <\/p>\n","protected":false},"excerpt":{"rendered":"<p>Nail Oil Serum agit comme un s\u00e9rum pour le visage pour vos ongles, offrant un soin intensif pour les ongles en mauvais \u00e9tat. Il renforce et am\u00e9liore la qualit\u00e9 de vos ongles. Enrichi notamment en huile d&rsquo;argan, neonyca (graines de c\u00e9leri) et vitamine E, pour nourrir et hydrater les ongles. Le s\u00e9rum est le plus [&hellip;]<\/p>\n","protected":false},"featured_media":45172,"comment_status":"open","ping_status":"closed","template":"","meta":{"_acf_changed":false},"product_brand":[],"product_cat":[5089,5641,4761],"product_tag":[],"class_list":{"0":"post-45189","1":"product","2":"type-product","3":"status-publish","4":"has-post-thumbnail","6":"product_cat-depend-fr","7":"product_cat-depend-nail-care-fr","8":"product_cat-pose-ongles","10":"first","11":"instock","12":"taxable","13":"shipping-taxable","14":"product-type-simple"},"acf":[],"_links":{"self":[{"href":"https:\/\/sundar.be\/fr\/wp-json\/wp\/v2\/product\/45189","targetHints":{"allow":["GET"]}}],"collection":[{"href":"https:\/\/sundar.be\/fr\/wp-json\/wp\/v2\/product"}],"about":[{"href":"https:\/\/sundar.be\/fr\/wp-json\/wp\/v2\/types\/product"}],"replies":[{"embeddable":true,"href":"https:\/\/sundar.be\/fr\/wp-json\/wp\/v2\/comments?post=45189"}],"wp:featuredmedia":[{"embeddable":true,"href":"https:\/\/sundar.be\/fr\/wp-json\/wp\/v2\/media\/45172"}],"wp:attachment":[{"href":"https:\/\/sundar.be\/fr\/wp-json\/wp\/v2\/media?parent=45189"}],"wp:term":[{"taxonomy":"product_brand","embeddable":true,"href":"https:\/\/sundar.be\/fr\/wp-json\/wp\/v2\/product_brand?post=45189"},{"taxonomy":"product_cat","embeddable":true,"href":"https:\/\/sundar.be\/fr\/wp-json\/wp\/v2\/product_cat?post=45189"},{"taxonomy":"product_tag","embeddable":true,"href":"https:\/\/sundar.be\/fr\/wp-json\/wp\/v2\/product_tag?post=45189"}],"curies":[{"name":"wp","href":"https:\/\/api.w.org\/{rel}","templated":true}]}}