{"id":45188,"date":"2024-11-25T15:05:51","date_gmt":"2024-11-25T14:05:51","guid":{"rendered":"https:\/\/sundar.be\/product\/depend-o2-base-bonder-11ml\/"},"modified":"2025-08-04T13:03:51","modified_gmt":"2025-08-04T11:03:51","slug":"depend-o2-base-bonder-11ml","status":"publish","type":"product","link":"https:\/\/sundar.be\/fr\/produit\/depend-o2-base-bonder-11ml\/","title":{"rendered":"Depend O2 Base Bonder, 11ml"},"content":{"rendered":"<p>O2 Base Bonder agit comme un appr\u00eat adh\u00e9sif entre l&rsquo;ongle et le vernis. Il prolonge la dur\u00e9e de vie de votre vernis color\u00e9, prot\u00e8ge les pigments de couleur et donc la d\u00e9coloration de l&rsquo;ongle. <\/p>\n","protected":false},"excerpt":{"rendered":"<p>O2 Base Bonder agit comme un appr\u00eat adh\u00e9sif entre l&rsquo;ongle et le vernis. Il prolonge la dur\u00e9e de vie de votre vernis color\u00e9, prot\u00e8ge les pigments de couleur et donc la d\u00e9coloration de l&rsquo;ongle.<\/p>\n","protected":false},"featured_media":45175,"comment_status":"open","ping_status":"closed","template":"","meta":{"_acf_changed":false},"product_brand":[],"product_cat":[5089,5642,4761],"product_tag":[],"class_list":{"0":"post-45188","1":"product","2":"type-product","3":"status-publish","4":"has-post-thumbnail","6":"product_cat-depend-fr","7":"product_cat-depend-02-nail-polish","8":"product_cat-pose-ongles","10":"first","11":"instock","12":"taxable","13":"shipping-taxable","14":"product-type-simple"},"acf":[],"_links":{"self":[{"href":"https:\/\/sundar.be\/fr\/wp-json\/wp\/v2\/product\/45188","targetHints":{"allow":["GET"]}}],"collection":[{"href":"https:\/\/sundar.be\/fr\/wp-json\/wp\/v2\/product"}],"about":[{"href":"https:\/\/sundar.be\/fr\/wp-json\/wp\/v2\/types\/product"}],"replies":[{"embeddable":true,"href":"https:\/\/sundar.be\/fr\/wp-json\/wp\/v2\/comments?post=45188"}],"wp:featuredmedia":[{"embeddable":true,"href":"https:\/\/sundar.be\/fr\/wp-json\/wp\/v2\/media\/45175"}],"wp:attachment":[{"href":"https:\/\/sundar.be\/fr\/wp-json\/wp\/v2\/media?parent=45188"}],"wp:term":[{"taxonomy":"product_brand","embeddable":true,"href":"https:\/\/sundar.be\/fr\/wp-json\/wp\/v2\/product_brand?post=45188"},{"taxonomy":"product_cat","embeddable":true,"href":"https:\/\/sundar.be\/fr\/wp-json\/wp\/v2\/product_cat?post=45188"},{"taxonomy":"product_tag","embeddable":true,"href":"https:\/\/sundar.be\/fr\/wp-json\/wp\/v2\/product_tag?post=45188"}],"curies":[{"name":"wp","href":"https:\/\/api.w.org\/{rel}","templated":true}]}}