{"id":45186,"date":"2024-11-25T15:41:13","date_gmt":"2024-11-25T14:41:13","guid":{"rendered":"https:\/\/sundar.be\/product\/depend-o2-stop-nail-bite-11ml\/"},"modified":"2025-08-04T13:04:14","modified_gmt":"2025-08-04T11:04:14","slug":"depend-o2-stop-nail-bite-11ml","status":"publish","type":"product","link":"https:\/\/sundar.be\/fr\/produit\/depend-o2-stop-nail-bite-11ml\/","title":{"rendered":"Depend O2 Stop Nail Bite, 11ml"},"content":{"rendered":"<p data-start=\"77\" data-end=\"508\">Le <span style=\"color: #ef85ab;\"><strong data-start=\"101\" data-end=\"129\">Depend O2 Stop Nail Bite<\/strong><\/span> est une formule innovante anti-rongeage des ongles, sp\u00e9cialement con\u00e7ue pour d\u00e9courager cette habitude. Ce produit transparent poss\u00e8de un go\u00fbt extr\u00eamement amer, aidant ainsi \u00e0 rompre le r\u00e9flexe de se ronger les ongles. Id\u00e9al pour les adultes et les enfants (\u00e0 partir de 5 ans) souhaitant arr\u00eater cette habitude et favoriser la croissance de leurs ongles en bonne sant\u00e9.  <\/p>\n<p data-start=\"510\" data-end=\"746\">Sa formule contient des ingr\u00e9dients efficaces qui laissent un go\u00fbt amer persistant, sans substances nocives. Il peut \u00eatre appliqu\u00e9 seul ou par-dessus du vernis \u00e0 ongles et s\u00e8che rapidement sans laisser de sensation collante. <\/p>\n","protected":false},"excerpt":{"rendered":"<p>Le <span style=\"color: #ef85ab;\"><strong data-start=\"3242\" data-end=\"3270\">Depend O2 Stop Nail Bite<\/strong><\/span> est une solution efficace et rapide pour toute personne souhaitant arr\u00eater de se ronger les ongles ou de sucer son pouce. Avec son go\u00fbt extr\u00eamement amer et sa formule \u00e0 s\u00e9chage rapide, ce produit aide \u00e0 briser cette habitude et favorise la croissance d\u2019ongles sains et forts. Un indispensable pour tous ceux qui veulent des ongles beaux et soign\u00e9s.  <\/p>\n","protected":false},"featured_media":45184,"comment_status":"open","ping_status":"closed","template":"","meta":{"_acf_changed":false},"product_brand":[],"product_cat":[5089,5641,4761],"product_tag":[],"class_list":{"0":"post-45186","1":"product","2":"type-product","3":"status-publish","4":"has-post-thumbnail","6":"product_cat-depend-fr","7":"product_cat-depend-nail-care-fr","8":"product_cat-pose-ongles","10":"first","11":"instock","12":"taxable","13":"shipping-taxable","14":"product-type-simple"},"acf":[],"_links":{"self":[{"href":"https:\/\/sundar.be\/fr\/wp-json\/wp\/v2\/product\/45186","targetHints":{"allow":["GET"]}}],"collection":[{"href":"https:\/\/sundar.be\/fr\/wp-json\/wp\/v2\/product"}],"about":[{"href":"https:\/\/sundar.be\/fr\/wp-json\/wp\/v2\/types\/product"}],"replies":[{"embeddable":true,"href":"https:\/\/sundar.be\/fr\/wp-json\/wp\/v2\/comments?post=45186"}],"wp:featuredmedia":[{"embeddable":true,"href":"https:\/\/sundar.be\/fr\/wp-json\/wp\/v2\/media\/45184"}],"wp:attachment":[{"href":"https:\/\/sundar.be\/fr\/wp-json\/wp\/v2\/media?parent=45186"}],"wp:term":[{"taxonomy":"product_brand","embeddable":true,"href":"https:\/\/sundar.be\/fr\/wp-json\/wp\/v2\/product_brand?post=45186"},{"taxonomy":"product_cat","embeddable":true,"href":"https:\/\/sundar.be\/fr\/wp-json\/wp\/v2\/product_cat?post=45186"},{"taxonomy":"product_tag","embeddable":true,"href":"https:\/\/sundar.be\/fr\/wp-json\/wp\/v2\/product_tag?post=45186"}],"curies":[{"name":"wp","href":"https:\/\/api.w.org\/{rel}","templated":true}]}}