{"id":45126,"date":"2024-11-25T12:44:45","date_gmt":"2024-11-25T11:44:45","guid":{"rendered":"https:\/\/sundar.be\/product\/depend-grip-protect-base-coat-8-ml\/"},"modified":"2025-08-04T13:07:53","modified_gmt":"2025-08-04T11:07:53","slug":"depend-grip-protect-base-coat-8-ml","status":"publish","type":"product","link":"https:\/\/sundar.be\/fr\/produit\/depend-grip-protect-base-coat-8-ml\/","title":{"rendered":"Depend Grip &amp; Protect Base Coat, 8 ml"},"content":{"rendered":"<p>R\u00e9sultats professionnels \u00e0 domicile ; s\u00e9chage ultra-rapide, effet gel et facile \u00e0 enlever.<\/p>\n<p>Une base coat est essentielle pour faire durer plus longtemps le vernis \u00e0 ongles color\u00e9 et pour pr\u00e9venir les \u00e9caillures.<\/p>\n<p>Une base coat qui permet au vernis \u00e0 ongles color\u00e9 de tenir plus longtemps. Elle prot\u00e8ge vos ongles contre les pigments du vernis, \u00e9vitant ainsi le jaunissement des ongles. Facile \u00e0 appliquer et s\u00e8che rapidement. Appliquez une fine couche en tant que base.   <\/p>\n","protected":false},"excerpt":{"rendered":"<p>Vernis \u00e0 ongles \u00e0 base protectrice.<\/p>\n","protected":false},"featured_media":45124,"comment_status":"open","ping_status":"closed","template":"","meta":{"_acf_changed":false},"product_brand":[],"product_cat":[5089,5642,4761],"product_tag":[],"class_list":{"0":"post-45126","1":"product","2":"type-product","3":"status-publish","4":"has-post-thumbnail","6":"product_cat-depend-fr","7":"product_cat-depend-02-nail-polish","8":"product_cat-pose-ongles","10":"first","11":"instock","12":"taxable","13":"shipping-taxable","14":"product-type-simple"},"acf":[],"_links":{"self":[{"href":"https:\/\/sundar.be\/fr\/wp-json\/wp\/v2\/product\/45126","targetHints":{"allow":["GET"]}}],"collection":[{"href":"https:\/\/sundar.be\/fr\/wp-json\/wp\/v2\/product"}],"about":[{"href":"https:\/\/sundar.be\/fr\/wp-json\/wp\/v2\/types\/product"}],"replies":[{"embeddable":true,"href":"https:\/\/sundar.be\/fr\/wp-json\/wp\/v2\/comments?post=45126"}],"wp:featuredmedia":[{"embeddable":true,"href":"https:\/\/sundar.be\/fr\/wp-json\/wp\/v2\/media\/45124"}],"wp:attachment":[{"href":"https:\/\/sundar.be\/fr\/wp-json\/wp\/v2\/media?parent=45126"}],"wp:term":[{"taxonomy":"product_brand","embeddable":true,"href":"https:\/\/sundar.be\/fr\/wp-json\/wp\/v2\/product_brand?post=45126"},{"taxonomy":"product_cat","embeddable":true,"href":"https:\/\/sundar.be\/fr\/wp-json\/wp\/v2\/product_cat?post=45126"},{"taxonomy":"product_tag","embeddable":true,"href":"https:\/\/sundar.be\/fr\/wp-json\/wp\/v2\/product_tag?post=45126"}],"curies":[{"name":"wp","href":"https:\/\/api.w.org\/{rel}","templated":true}]}}