{"id":45125,"date":"2024-11-25T12:40:32","date_gmt":"2024-11-25T11:40:32","guid":{"rendered":"https:\/\/sundar.be\/product\/depend-gel-iq-startkit-met-ledlamp\/"},"modified":"2025-08-04T13:12:37","modified_gmt":"2025-08-04T11:12:37","slug":"depend-gel-iq-startkit-met-ledlamp","status":"publish","type":"product","link":"https:\/\/sundar.be\/fr\/produit\/depend-gel-iq-startkit-met-ledlamp\/","title":{"rendered":"Depend Gel IQ Startkit met LEDlamp"},"content":{"rendered":"<p><strong>Contenu:<\/strong><\/p>\n<ul>\n<li>Base Coat<\/li>\n<li>Top Coat<\/li>\n<li>Pre-Cleanser<\/li>\n<li>High Shine Cleanser<\/li>\n<li>Lime<\/li>\n<li>oranje stick<\/li>\n<li>Lampe UV\/LED avec adaptateur<\/li>\n<\/ul>\n<p>Tout ce dont vous avez besoin, \u00e0 l&rsquo;exception de votre teinte pr\u00e9f\u00e9r\u00e9e et des produits dissolvants. Gel iQ peut \u00e9galement \u00eatre utilis\u00e9 sur les ongles des pieds et s&rsquo;applique de la m\u00eame mani\u00e8re que pour les ongles des mains. Lisez le mode d&#8217;emploi d\u00e9taill\u00e9 et les informations de s\u00e9curit\u00e9 figurant sur l&#8217;emballage avant de commencer votre traitement.  <\/p>\n","protected":false},"excerpt":{"rendered":"<p class=\"single-product-overview-details__product-title\">DEPEND Gel IQ Startkit avec lampe LED<\/p>\n","protected":false},"featured_media":45119,"comment_status":"open","ping_status":"closed","template":"","meta":{"_acf_changed":false},"product_brand":[],"product_cat":[5089,5643,4761],"product_tag":[],"class_list":{"0":"post-45125","1":"product","2":"type-product","3":"status-publish","4":"has-post-thumbnail","6":"product_cat-depend-fr","7":"product_cat-depend-gel-iq-fr","8":"product_cat-pose-ongles","10":"first","11":"instock","12":"taxable","13":"shipping-taxable","14":"product-type-simple"},"acf":[],"_links":{"self":[{"href":"https:\/\/sundar.be\/fr\/wp-json\/wp\/v2\/product\/45125","targetHints":{"allow":["GET"]}}],"collection":[{"href":"https:\/\/sundar.be\/fr\/wp-json\/wp\/v2\/product"}],"about":[{"href":"https:\/\/sundar.be\/fr\/wp-json\/wp\/v2\/types\/product"}],"replies":[{"embeddable":true,"href":"https:\/\/sundar.be\/fr\/wp-json\/wp\/v2\/comments?post=45125"}],"wp:featuredmedia":[{"embeddable":true,"href":"https:\/\/sundar.be\/fr\/wp-json\/wp\/v2\/media\/45119"}],"wp:attachment":[{"href":"https:\/\/sundar.be\/fr\/wp-json\/wp\/v2\/media?parent=45125"}],"wp:term":[{"taxonomy":"product_brand","embeddable":true,"href":"https:\/\/sundar.be\/fr\/wp-json\/wp\/v2\/product_brand?post=45125"},{"taxonomy":"product_cat","embeddable":true,"href":"https:\/\/sundar.be\/fr\/wp-json\/wp\/v2\/product_cat?post=45125"},{"taxonomy":"product_tag","embeddable":true,"href":"https:\/\/sundar.be\/fr\/wp-json\/wp\/v2\/product_tag?post=45125"}],"curies":[{"name":"wp","href":"https:\/\/api.w.org\/{rel}","templated":true}]}}