{"id":45120,"date":"2024-11-25T12:35:19","date_gmt":"2024-11-25T11:35:19","guid":{"rendered":"https:\/\/sundar.be\/product\/depend-french-manicure-set\/"},"modified":"2025-08-04T13:12:33","modified_gmt":"2025-08-04T11:12:33","slug":"depend-french-manicure-set","status":"publish","type":"product","link":"https:\/\/sundar.be\/fr\/produit\/depend-french-manicure-set\/","title":{"rendered":"Depend French Manicure Set"},"content":{"rendered":"<p>Un set de manucure pour cr\u00e9er une manucure fran\u00e7aise \u00e9l\u00e9gante. Facile \u00e0 appliquer pour un r\u00e9sultat \u00e9l\u00e9gant, avec une couche de finition \u00e0 s\u00e9chage rapide, rehaussant la couleur, et une couleur de base avec effet de remplissage des cr\u00eates. Vous avez la possibilit\u00e9 de cr\u00e9er une pointe blanche transparente ou une transition douce entre le rose et le blanc. Voir les instructions ci-jointes. La manucure parfaite pour toutes les occasions et pour tous les jours.    <\/p>\n","protected":false},"excerpt":{"rendered":"<p>Set de manucure fran\u00e7ais, sans lampe.<\/p>\n","protected":false},"featured_media":45113,"comment_status":"open","ping_status":"closed","template":"","meta":{"_acf_changed":false},"product_brand":[],"product_cat":[5089,5642,4761],"product_tag":[],"class_list":{"0":"post-45120","1":"product","2":"type-product","3":"status-publish","4":"has-post-thumbnail","6":"product_cat-depend-fr","7":"product_cat-depend-02-nail-polish","8":"product_cat-pose-ongles","10":"first","11":"instock","12":"taxable","13":"shipping-taxable","14":"product-type-simple"},"acf":[],"_links":{"self":[{"href":"https:\/\/sundar.be\/fr\/wp-json\/wp\/v2\/product\/45120","targetHints":{"allow":["GET"]}}],"collection":[{"href":"https:\/\/sundar.be\/fr\/wp-json\/wp\/v2\/product"}],"about":[{"href":"https:\/\/sundar.be\/fr\/wp-json\/wp\/v2\/types\/product"}],"replies":[{"embeddable":true,"href":"https:\/\/sundar.be\/fr\/wp-json\/wp\/v2\/comments?post=45120"}],"wp:featuredmedia":[{"embeddable":true,"href":"https:\/\/sundar.be\/fr\/wp-json\/wp\/v2\/media\/45113"}],"wp:attachment":[{"href":"https:\/\/sundar.be\/fr\/wp-json\/wp\/v2\/media?parent=45120"}],"wp:term":[{"taxonomy":"product_brand","embeddable":true,"href":"https:\/\/sundar.be\/fr\/wp-json\/wp\/v2\/product_brand?post=45120"},{"taxonomy":"product_cat","embeddable":true,"href":"https:\/\/sundar.be\/fr\/wp-json\/wp\/v2\/product_cat?post=45120"},{"taxonomy":"product_tag","embeddable":true,"href":"https:\/\/sundar.be\/fr\/wp-json\/wp\/v2\/product_tag?post=45120"}],"curies":[{"name":"wp","href":"https:\/\/api.w.org\/{rel}","templated":true}]}}