{"id":45093,"date":"2024-11-25T10:18:18","date_gmt":"2024-11-25T09:18:18","guid":{"rendered":"https:\/\/sundar.be\/product\/depend-nailpolish-remover-super-fast-100-ml\/"},"modified":"2025-08-04T13:11:32","modified_gmt":"2025-08-04T11:11:32","slug":"depend-nailpolish-remover-super-fast-100-ml","status":"publish","type":"product","link":"https:\/\/sundar.be\/fr\/produit\/depend-nailpolish-remover-super-fast-100-ml\/","title":{"rendered":"DEPEND Nailpolish Remover super fast"},"content":{"rendered":"<p>Dissolvant de vernis \u00e0 ongles sans ac\u00e9tone, ce qui r\u00e9duit le risque de porosit\u00e9 de l&rsquo;ongle ou d&rsquo;endommagement de la surface naturelle de l&rsquo;ongle. Ne contient pas d&rsquo;huile, de colorant ou de parfum susceptibles de d\u00e9colorer l&rsquo;ongle ou de laisser des r\u00e9sidus sur la surface de l&rsquo;ongle qui peuvent entraver l&rsquo;adh\u00e9rence du vernis \u00e0 l&rsquo;ongle. <\/p>\n","protected":false},"excerpt":{"rendered":"<p>Dissolvant de vernis \u00e0 ongles sans ac\u00e9tone<\/p>\n","protected":false},"featured_media":45092,"comment_status":"open","ping_status":"closed","template":"","meta":{"_acf_changed":false},"product_brand":[],"product_cat":[5089,5975,4761,5802],"product_tag":[],"class_list":{"0":"post-45093","1":"product","2":"type-product","3":"status-publish","4":"has-post-thumbnail","6":"product_cat-depend-fr","7":"product_cat-depend-remover-cleansing-fr","8":"product_cat-pose-ongles","9":"product_cat-stylisme-ongulaire-marque","10":"pa_inhoud-100-ml-fr","11":"pa_inhoud-250-ml-fr","13":"first","14":"instock","15":"taxable","16":"shipping-taxable","17":"product-type-variable"},"acf":[],"_links":{"self":[{"href":"https:\/\/sundar.be\/fr\/wp-json\/wp\/v2\/product\/45093","targetHints":{"allow":["GET"]}}],"collection":[{"href":"https:\/\/sundar.be\/fr\/wp-json\/wp\/v2\/product"}],"about":[{"href":"https:\/\/sundar.be\/fr\/wp-json\/wp\/v2\/types\/product"}],"replies":[{"embeddable":true,"href":"https:\/\/sundar.be\/fr\/wp-json\/wp\/v2\/comments?post=45093"}],"wp:featuredmedia":[{"embeddable":true,"href":"https:\/\/sundar.be\/fr\/wp-json\/wp\/v2\/media\/45092"}],"wp:attachment":[{"href":"https:\/\/sundar.be\/fr\/wp-json\/wp\/v2\/media?parent=45093"}],"wp:term":[{"taxonomy":"product_brand","embeddable":true,"href":"https:\/\/sundar.be\/fr\/wp-json\/wp\/v2\/product_brand?post=45093"},{"taxonomy":"product_cat","embeddable":true,"href":"https:\/\/sundar.be\/fr\/wp-json\/wp\/v2\/product_cat?post=45093"},{"taxonomy":"product_tag","embeddable":true,"href":"https:\/\/sundar.be\/fr\/wp-json\/wp\/v2\/product_tag?post=45093"}],"curies":[{"name":"wp","href":"https:\/\/api.w.org\/{rel}","templated":true}]}}