{"id":45089,"date":"2024-11-25T10:09:31","date_gmt":"2024-11-25T09:09:31","guid":{"rendered":"https:\/\/sundar.be\/product\/depend-multilac-3-in-1-8ml\/"},"modified":"2025-08-04T13:11:29","modified_gmt":"2025-08-04T11:11:29","slug":"depend-multilac-3-in-1-8ml","status":"publish","type":"product","link":"https:\/\/sundar.be\/fr\/produit\/depend-multilac-3-in-1-8ml\/","title":{"rendered":"DEPEND Multilac 3-in-1, 8ml"},"content":{"rendered":"<p>Vous cherchez une solution simple qui offre une base coat, un top coat et un durcisseur ? Permettez-nous de vous pr\u00e9senter Multilac ! <\/p>\n<p>Vernis \u00e0 ongles \u00ab tout-en-un \u00bb compos\u00e9 d&rsquo;un durcisseur, d&rsquo;une couche de base et d&rsquo;une couche de finition. Id\u00e9al pour tous ceux ayant des ongles en bonne sant\u00e9 qui souhaitent une protection suppl\u00e9mentaire contre des \u00e9l\u00e9ments comme l&rsquo;eau, qui peut rendre les ongles mous et poreux. Appliquez une fine couche en tant que base coat ou pour renforcer les ongles, et une ou deux fines couches en tant que top coat. 8 ml.  <\/p>\n","protected":false},"excerpt":{"rendered":"<p>Vernis \u00e0 ongles \u00ab tout-en-un \u00bb compos\u00e9 d&rsquo;un durcisseur, d&rsquo;une couche de base et d&rsquo;une couche de finition.<\/p>\n","protected":false},"featured_media":45087,"comment_status":"open","ping_status":"closed","template":"","meta":{"_acf_changed":false},"product_brand":[],"product_cat":[5089,5642,4761],"product_tag":[],"class_list":{"0":"post-45089","1":"product","2":"type-product","3":"status-publish","4":"has-post-thumbnail","6":"product_cat-depend-fr","7":"product_cat-depend-02-nail-polish","8":"product_cat-pose-ongles","10":"first","11":"instock","12":"taxable","13":"shipping-taxable","14":"product-type-simple"},"acf":[],"_links":{"self":[{"href":"https:\/\/sundar.be\/fr\/wp-json\/wp\/v2\/product\/45089","targetHints":{"allow":["GET"]}}],"collection":[{"href":"https:\/\/sundar.be\/fr\/wp-json\/wp\/v2\/product"}],"about":[{"href":"https:\/\/sundar.be\/fr\/wp-json\/wp\/v2\/types\/product"}],"replies":[{"embeddable":true,"href":"https:\/\/sundar.be\/fr\/wp-json\/wp\/v2\/comments?post=45089"}],"wp:featuredmedia":[{"embeddable":true,"href":"https:\/\/sundar.be\/fr\/wp-json\/wp\/v2\/media\/45087"}],"wp:attachment":[{"href":"https:\/\/sundar.be\/fr\/wp-json\/wp\/v2\/media?parent=45089"}],"wp:term":[{"taxonomy":"product_brand","embeddable":true,"href":"https:\/\/sundar.be\/fr\/wp-json\/wp\/v2\/product_brand?post=45089"},{"taxonomy":"product_cat","embeddable":true,"href":"https:\/\/sundar.be\/fr\/wp-json\/wp\/v2\/product_cat?post=45089"},{"taxonomy":"product_tag","embeddable":true,"href":"https:\/\/sundar.be\/fr\/wp-json\/wp\/v2\/product_tag?post=45089"}],"curies":[{"name":"wp","href":"https:\/\/api.w.org\/{rel}","templated":true}]}}