{"id":45084,"date":"2024-11-25T10:05:19","date_gmt":"2024-11-25T09:05:19","guid":{"rendered":"https:\/\/sundar.be\/product\/depend-display-mini-nagellak-24-x-3-pcs-vide\/"},"modified":"2025-08-04T13:11:06","modified_gmt":"2025-08-04T11:11:06","slug":"depend-display-mini-nagellak-24-x-3-pcs-vide","status":"publish","type":"product","link":"https:\/\/sundar.be\/fr\/produit\/depend-display-mini-nagellak-24-x-3-pcs-vide\/","title":{"rendered":"DEPEND Display mini nagellak 24 x 3 pcs VIDE"},"content":{"rendered":"<p>DISPLAY mini vernis \u00e0 ongles DEPEND ; Support en acrylique pour exposer, par exemple, les <a href=\"https:\/\/sundar.be\/produit\/depend-nailpolish-o2-oxygen-5-ml-3-pcs\/?lang=fr\">vernis \u00e0 ongles Depend Nailpolish O2<\/a>. Pr\u00e9vu pour 24 x 3 flacons de vernis \u00e0 ongles.  <strong>Remarque ! L&rsquo;\u00e9cran est vide.<\/strong><\/p>\n","protected":false},"excerpt":{"rendered":"<p>DISPLAY mini vernis \u00e0 ongles DEPEND ; Support en acrylique pour exposer, par exemple, les vernis \u00e0 ongles Depend Nailpolish O2. Pr\u00e9vu pour 24 x 3 flacons de vernis \u00e0 ongles. Remarque ! L&rsquo;\u00e9cran est vide.<\/p>\n","protected":false},"featured_media":45083,"comment_status":"open","ping_status":"closed","template":"","meta":{"_acf_changed":false},"product_brand":[],"product_cat":[5089,5642,4761],"product_tag":[],"class_list":{"0":"post-45084","1":"product","2":"type-product","3":"status-publish","4":"has-post-thumbnail","6":"product_cat-depend-fr","7":"product_cat-depend-02-nail-polish","8":"product_cat-pose-ongles","10":"first","11":"instock","12":"taxable","13":"shipping-taxable","14":"product-type-simple"},"acf":[],"_links":{"self":[{"href":"https:\/\/sundar.be\/fr\/wp-json\/wp\/v2\/product\/45084","targetHints":{"allow":["GET"]}}],"collection":[{"href":"https:\/\/sundar.be\/fr\/wp-json\/wp\/v2\/product"}],"about":[{"href":"https:\/\/sundar.be\/fr\/wp-json\/wp\/v2\/types\/product"}],"replies":[{"embeddable":true,"href":"https:\/\/sundar.be\/fr\/wp-json\/wp\/v2\/comments?post=45084"}],"wp:featuredmedia":[{"embeddable":true,"href":"https:\/\/sundar.be\/fr\/wp-json\/wp\/v2\/media\/45083"}],"wp:attachment":[{"href":"https:\/\/sundar.be\/fr\/wp-json\/wp\/v2\/media?parent=45084"}],"wp:term":[{"taxonomy":"product_brand","embeddable":true,"href":"https:\/\/sundar.be\/fr\/wp-json\/wp\/v2\/product_brand?post=45084"},{"taxonomy":"product_cat","embeddable":true,"href":"https:\/\/sundar.be\/fr\/wp-json\/wp\/v2\/product_cat?post=45084"},{"taxonomy":"product_tag","embeddable":true,"href":"https:\/\/sundar.be\/fr\/wp-json\/wp\/v2\/product_tag?post=45084"}],"curies":[{"name":"wp","href":"https:\/\/api.w.org\/{rel}","templated":true}]}}