{"id":44742,"date":"2024-11-06T15:22:43","date_gmt":"2024-11-06T14:22:43","guid":{"rendered":"https:\/\/sundar.be\/product\/allround-lime-a-ongles\/"},"modified":"2025-08-04T13:37:10","modified_gmt":"2025-08-04T11:37:10","slug":"allround-lime-a-ongles","status":"publish","type":"product","link":"https:\/\/sundar.be\/fr\/produit\/allround-lime-a-ongles\/","title":{"rendered":"Allround Lime \u00e0 Ongles"},"content":{"rendered":"<p>Lime polyvalente qui peut \u00e0 la fois r\u00e9aliser le travail dur et offrir une finition parfaite.<\/p>\n<p>Quatre c\u00f4t\u00e9s avec diff\u00e9rents grains :<\/p>\n<ul>\n<li>grossi\u00e8re 120<\/li>\n<li>moyenne 180<\/li>\n<li>fine 240<\/li>\n<li>extra fine 320<\/li>\n<\/ul>\n","protected":false},"excerpt":{"rendered":"<p>Lime polyvalente qui peut \u00e0 la fois r\u00e9aliser le travail dur et offrir une finition parfaite. Quatre c\u00f4t\u00e9s avec diff\u00e9rents grains : grossi\u00e8re 120 moyenne 180 fine 240 extra fine 320<\/p>\n","protected":false},"featured_media":44147,"comment_status":"open","ping_status":"closed","template":"","meta":{"_acf_changed":false},"product_brand":[],"product_cat":[5089,5629,5644,5632,4761,5802],"product_tag":[],"class_list":{"0":"post-44742","1":"product","2":"type-product","3":"status-publish","4":"has-post-thumbnail","6":"product_cat-depend-fr","7":"product_cat-manucure-limes","8":"product_cat-limes-depend","9":"product_cat-limes-droites","10":"product_cat-pose-ongles","11":"product_cat-stylisme-ongulaire-marque","13":"first","14":"instock","15":"taxable","16":"shipping-taxable","17":"product-type-simple"},"acf":[],"_links":{"self":[{"href":"https:\/\/sundar.be\/fr\/wp-json\/wp\/v2\/product\/44742","targetHints":{"allow":["GET"]}}],"collection":[{"href":"https:\/\/sundar.be\/fr\/wp-json\/wp\/v2\/product"}],"about":[{"href":"https:\/\/sundar.be\/fr\/wp-json\/wp\/v2\/types\/product"}],"replies":[{"embeddable":true,"href":"https:\/\/sundar.be\/fr\/wp-json\/wp\/v2\/comments?post=44742"}],"wp:featuredmedia":[{"embeddable":true,"href":"https:\/\/sundar.be\/fr\/wp-json\/wp\/v2\/media\/44147"}],"wp:attachment":[{"href":"https:\/\/sundar.be\/fr\/wp-json\/wp\/v2\/media?parent=44742"}],"wp:term":[{"taxonomy":"product_brand","embeddable":true,"href":"https:\/\/sundar.be\/fr\/wp-json\/wp\/v2\/product_brand?post=44742"},{"taxonomy":"product_cat","embeddable":true,"href":"https:\/\/sundar.be\/fr\/wp-json\/wp\/v2\/product_cat?post=44742"},{"taxonomy":"product_tag","embeddable":true,"href":"https:\/\/sundar.be\/fr\/wp-json\/wp\/v2\/product_tag?post=44742"}],"curies":[{"name":"wp","href":"https:\/\/api.w.org\/{rel}","templated":true}]}}