{"id":44741,"date":"2024-11-06T15:25:12","date_gmt":"2024-11-06T14:25:12","guid":{"rendered":"https:\/\/sundar.be\/product\/lime-a-ongles-extra-fine-240-320\/"},"modified":"2025-08-04T13:37:39","modified_gmt":"2025-08-04T11:37:39","slug":"lime-a-ongles-extra-fine-240-320","status":"publish","type":"product","link":"https:\/\/sundar.be\/fr\/produit\/lime-a-ongles-extra-fine-240-320\/","title":{"rendered":"Lime \u00e0 ongles extra fine 240\/320"},"content":{"rendered":"<p>Lime \u00e0 ongles \u00e0 deux surfaces :<\/p>\n<ul>\n<li>fine 240<\/li>\n<li>extra fine 320<\/li>\n<\/ul>\n<p>La lime parfaite pour limer l&rsquo;ongle naturel. Fabriqu\u00e9e en mylar, elle a une dur\u00e9e de vie tr\u00e8s longue. Lavable et d\u00e9sinfectable.  <\/p>\n","protected":false},"excerpt":{"rendered":"<p>Lime \u00e0 ongles \u00e0 deux surfaces : fine 240 extra fine 320 La lime parfaite pour limer l&rsquo;ongle naturel. Fabriqu\u00e9e en mylar, elle a une dur\u00e9e de vie tr\u00e8s longue. Lavable et d\u00e9sinfectable.<\/p>\n","protected":false},"featured_media":44150,"comment_status":"open","ping_status":"closed","template":"","meta":{"_acf_changed":false},"product_brand":[],"product_cat":[5089,5629,5644,5632,4761,5802],"product_tag":[],"class_list":{"0":"post-44741","1":"product","2":"type-product","3":"status-publish","4":"has-post-thumbnail","6":"product_cat-depend-fr","7":"product_cat-manucure-limes","8":"product_cat-limes-depend","9":"product_cat-limes-droites","10":"product_cat-pose-ongles","11":"product_cat-stylisme-ongulaire-marque","13":"first","14":"instock","15":"taxable","16":"shipping-taxable","17":"product-type-simple"},"acf":[],"_links":{"self":[{"href":"https:\/\/sundar.be\/fr\/wp-json\/wp\/v2\/product\/44741","targetHints":{"allow":["GET"]}}],"collection":[{"href":"https:\/\/sundar.be\/fr\/wp-json\/wp\/v2\/product"}],"about":[{"href":"https:\/\/sundar.be\/fr\/wp-json\/wp\/v2\/types\/product"}],"replies":[{"embeddable":true,"href":"https:\/\/sundar.be\/fr\/wp-json\/wp\/v2\/comments?post=44741"}],"wp:featuredmedia":[{"embeddable":true,"href":"https:\/\/sundar.be\/fr\/wp-json\/wp\/v2\/media\/44150"}],"wp:attachment":[{"href":"https:\/\/sundar.be\/fr\/wp-json\/wp\/v2\/media?parent=44741"}],"wp:term":[{"taxonomy":"product_brand","embeddable":true,"href":"https:\/\/sundar.be\/fr\/wp-json\/wp\/v2\/product_brand?post=44741"},{"taxonomy":"product_cat","embeddable":true,"href":"https:\/\/sundar.be\/fr\/wp-json\/wp\/v2\/product_cat?post=44741"},{"taxonomy":"product_tag","embeddable":true,"href":"https:\/\/sundar.be\/fr\/wp-json\/wp\/v2\/product_tag?post=44741"}],"curies":[{"name":"wp","href":"https:\/\/api.w.org\/{rel}","templated":true}]}}