{"id":44739,"date":"2024-11-06T15:30:23","date_gmt":"2024-11-06T14:30:23","guid":{"rendered":"https:\/\/sundar.be\/product\/lime-a-ongles-grossiere-moyenne-120-180-2\/"},"modified":"2025-08-04T13:37:41","modified_gmt":"2025-08-04T11:37:41","slug":"lime-a-ongles-grossiere-moyenne-120-180-2","status":"publish","type":"product","link":"https:\/\/sundar.be\/fr\/produit\/lime-a-ongles-grossiere-moyenne-120-180-2\/","title":{"rendered":"Lime \u00e0 ongles grossi\u00e8re\/moyenne 120\/180"},"content":{"rendered":"<p>Lime \u00e0 ongles avec deux surfaces de limage, une rugueuse de 120 grains et une moyenne de 180 grains. La forme incurv\u00e9e permet d&rsquo;atteindre les zones difficiles d&rsquo;acc\u00e8s de l&rsquo;ongle, telles que les bords de la plaque de l&rsquo;ongle. Fabriqu\u00e9e en mylar, cette lime est particuli\u00e8rement r\u00e9sistante et durable. Elle peut \u00eatre lav\u00e9e et d\u00e9sinfect\u00e9e.   <\/p>\n","protected":false},"excerpt":{"rendered":"<p>Lime \u00e0 ongles courb\u00e9e 120\/180 (par pi\u00e8ce)<\/p>\n","protected":false},"featured_media":44156,"comment_status":"open","ping_status":"closed","template":"","meta":{"_acf_changed":false},"product_brand":[],"product_cat":[5089,5629,5630,5644,4761,5802],"product_tag":[],"class_list":{"0":"post-44739","1":"product","2":"type-product","3":"status-publish","4":"has-post-thumbnail","6":"product_cat-depend-fr","7":"product_cat-manucure-limes","8":"product_cat-limes-demi-lune","9":"product_cat-limes-depend","10":"product_cat-pose-ongles","11":"product_cat-stylisme-ongulaire-marque","13":"first","14":"instock","15":"taxable","16":"shipping-taxable","17":"product-type-simple"},"acf":[],"_links":{"self":[{"href":"https:\/\/sundar.be\/fr\/wp-json\/wp\/v2\/product\/44739","targetHints":{"allow":["GET"]}}],"collection":[{"href":"https:\/\/sundar.be\/fr\/wp-json\/wp\/v2\/product"}],"about":[{"href":"https:\/\/sundar.be\/fr\/wp-json\/wp\/v2\/types\/product"}],"replies":[{"embeddable":true,"href":"https:\/\/sundar.be\/fr\/wp-json\/wp\/v2\/comments?post=44739"}],"wp:featuredmedia":[{"embeddable":true,"href":"https:\/\/sundar.be\/fr\/wp-json\/wp\/v2\/media\/44156"}],"wp:attachment":[{"href":"https:\/\/sundar.be\/fr\/wp-json\/wp\/v2\/media?parent=44739"}],"wp:term":[{"taxonomy":"product_brand","embeddable":true,"href":"https:\/\/sundar.be\/fr\/wp-json\/wp\/v2\/product_brand?post=44739"},{"taxonomy":"product_cat","embeddable":true,"href":"https:\/\/sundar.be\/fr\/wp-json\/wp\/v2\/product_cat?post=44739"},{"taxonomy":"product_tag","embeddable":true,"href":"https:\/\/sundar.be\/fr\/wp-json\/wp\/v2\/product_tag?post=44739"}],"curies":[{"name":"wp","href":"https:\/\/api.w.org\/{rel}","templated":true}]}}