{"id":44734,"date":"2024-11-07T08:05:33","date_gmt":"2024-11-07T07:05:33","guid":{"rendered":"https:\/\/sundar.be\/product\/super-shine-lime-a-polir\/"},"modified":"2025-08-04T13:41:32","modified_gmt":"2025-08-04T11:41:32","slug":"super-shine-lime-a-polir","status":"publish","type":"product","link":"https:\/\/sundar.be\/fr\/produit\/super-shine-lime-a-polir\/","title":{"rendered":"Super Shine Lime \u00e0 Polir"},"content":{"rendered":"<p>Tampon bicolore pour des ongles super brillants. Les ongles polis donnent aux mains un aspect soign\u00e9 et sain et sont la solution id\u00e9ale pour tous ceux qui ne veulent ou ne peuvent pas porter de vernis \u00e0 ongles. <\/p>\n","protected":false},"excerpt":{"rendered":"<p>Tampon bicolore pour des ongles super brillants. Les ongles polis donnent aux mains un aspect soign\u00e9 et sain et sont la solution id\u00e9ale pour tous ceux qui ne veulent ou ne peuvent pas porter de vernis \u00e0 ongles.<\/p>\n","protected":false},"featured_media":44172,"comment_status":"open","ping_status":"closed","template":"","meta":{"_acf_changed":false},"product_brand":[],"product_cat":[5089,5629,5644,5634,4761,5802],"product_tag":[],"class_list":{"0":"post-44734","1":"product","2":"type-product","3":"status-publish","4":"has-post-thumbnail","6":"product_cat-depend-fr","7":"product_cat-manucure-limes","8":"product_cat-limes-depend","9":"product_cat-limes-polissoirs","10":"product_cat-pose-ongles","11":"product_cat-stylisme-ongulaire-marque","13":"first","14":"instock","15":"taxable","16":"shipping-taxable","17":"product-type-simple"},"acf":[],"_links":{"self":[{"href":"https:\/\/sundar.be\/fr\/wp-json\/wp\/v2\/product\/44734","targetHints":{"allow":["GET"]}}],"collection":[{"href":"https:\/\/sundar.be\/fr\/wp-json\/wp\/v2\/product"}],"about":[{"href":"https:\/\/sundar.be\/fr\/wp-json\/wp\/v2\/types\/product"}],"replies":[{"embeddable":true,"href":"https:\/\/sundar.be\/fr\/wp-json\/wp\/v2\/comments?post=44734"}],"wp:featuredmedia":[{"embeddable":true,"href":"https:\/\/sundar.be\/fr\/wp-json\/wp\/v2\/media\/44172"}],"wp:attachment":[{"href":"https:\/\/sundar.be\/fr\/wp-json\/wp\/v2\/media?parent=44734"}],"wp:term":[{"taxonomy":"product_brand","embeddable":true,"href":"https:\/\/sundar.be\/fr\/wp-json\/wp\/v2\/product_brand?post=44734"},{"taxonomy":"product_cat","embeddable":true,"href":"https:\/\/sundar.be\/fr\/wp-json\/wp\/v2\/product_cat?post=44734"},{"taxonomy":"product_tag","embeddable":true,"href":"https:\/\/sundar.be\/fr\/wp-json\/wp\/v2\/product_tag?post=44734"}],"curies":[{"name":"wp","href":"https:\/\/api.w.org\/{rel}","templated":true}]}}