{"id":44729,"date":"2024-11-07T08:21:11","date_gmt":"2024-11-07T07:21:11","guid":{"rendered":"https:\/\/sundar.be\/product\/titania-zebra-lime-courbe-100-180\/"},"modified":"2025-08-04T13:22:16","modified_gmt":"2025-08-04T11:22:16","slug":"titania-zebra-lime-courbe-100-180","status":"publish","type":"product","link":"https:\/\/sundar.be\/fr\/produit\/titania-zebra-lime-courbe-100-180\/","title":{"rendered":"Titania Zebra Lime Courb\u00e9 100\/180"},"content":{"rendered":"<p>Lime \u00e0 ongles incurv\u00e9e en titane, d&rsquo;une longueur d&rsquo;environ 17,5 cm. Double face grossi\u00e8re et lisse. Particuli\u00e8rement adapt\u00e9e aux ongles artificiels.  <\/p>\n","protected":false},"excerpt":{"rendered":"<p>Lime Courb\u00e9 Zebra 100\/180 (par pi\u00e8ce)<\/p>\n","protected":false},"featured_media":44193,"comment_status":"open","ping_status":"closed","template":"","meta":{"_acf_changed":false},"product_brand":[],"product_cat":[5629,5631,4761],"product_tag":[],"class_list":{"0":"post-44729","1":"product","2":"type-product","3":"status-publish","4":"has-post-thumbnail","6":"product_cat-manucure-limes","7":"product_cat-limes-boomerang","8":"product_cat-pose-ongles","10":"first","11":"instock","12":"taxable","13":"shipping-taxable","14":"product-type-simple"},"acf":[],"_links":{"self":[{"href":"https:\/\/sundar.be\/fr\/wp-json\/wp\/v2\/product\/44729","targetHints":{"allow":["GET"]}}],"collection":[{"href":"https:\/\/sundar.be\/fr\/wp-json\/wp\/v2\/product"}],"about":[{"href":"https:\/\/sundar.be\/fr\/wp-json\/wp\/v2\/types\/product"}],"replies":[{"embeddable":true,"href":"https:\/\/sundar.be\/fr\/wp-json\/wp\/v2\/comments?post=44729"}],"wp:featuredmedia":[{"embeddable":true,"href":"https:\/\/sundar.be\/fr\/wp-json\/wp\/v2\/media\/44193"}],"wp:attachment":[{"href":"https:\/\/sundar.be\/fr\/wp-json\/wp\/v2\/media?parent=44729"}],"wp:term":[{"taxonomy":"product_brand","embeddable":true,"href":"https:\/\/sundar.be\/fr\/wp-json\/wp\/v2\/product_brand?post=44729"},{"taxonomy":"product_cat","embeddable":true,"href":"https:\/\/sundar.be\/fr\/wp-json\/wp\/v2\/product_cat?post=44729"},{"taxonomy":"product_tag","embeddable":true,"href":"https:\/\/sundar.be\/fr\/wp-json\/wp\/v2\/product_tag?post=44729"}],"curies":[{"name":"wp","href":"https:\/\/api.w.org\/{rel}","templated":true}]}}