{"id":44721,"date":"2024-11-07T12:00:53","date_gmt":"2024-11-07T11:00:53","guid":{"rendered":"https:\/\/sundar.be\/product\/halo-prep-scrub\/"},"modified":"2025-08-04T13:22:31","modified_gmt":"2025-08-04T11:22:31","slug":"halo-prep-scrub","status":"publish","type":"product","link":"https:\/\/sundar.be\/fr\/produit\/halo-prep-scrub\/","title":{"rendered":"HALO Prep &amp; Scrub"},"content":{"rendered":"<ul>\n<li>Spray de s\u00e9chage \u00e0 l&rsquo;air<\/li>\n<li>D\u00e9shydrateur qui pr\u00e9pare parfaitement la plaque de l&rsquo;ongle et aide \u00e0 pr\u00e9venir le soul\u00e8vement.<\/li>\n<li>D\u00e9licieux parfum d&rsquo;orange et de mangue<\/li>\n<\/ul>\n","protected":false},"excerpt":{"rendered":"<p>Spray de s\u00e9chage \u00e0 l&rsquo;air D\u00e9shydrateur qui pr\u00e9pare parfaitement la plaque de l&rsquo;ongle et aide \u00e0 pr\u00e9venir le soul\u00e8vement. D\u00e9licieux parfum d&rsquo;orange et de mangue<\/p>\n","protected":false},"featured_media":44412,"comment_status":"open","ping_status":"closed","template":"","meta":{"_acf_changed":false},"product_brand":[],"product_cat":[4761],"product_tag":[],"class_list":{"0":"post-44721","1":"product","2":"type-product","3":"status-publish","4":"has-post-thumbnail","6":"product_cat-pose-ongles","7":"pa_inhoud-100-ml-fr","8":"pa_inhoud-570-ml-fr","10":"first","11":"instock","12":"taxable","13":"shipping-taxable","14":"product-type-variable"},"acf":[],"_links":{"self":[{"href":"https:\/\/sundar.be\/fr\/wp-json\/wp\/v2\/product\/44721","targetHints":{"allow":["GET"]}}],"collection":[{"href":"https:\/\/sundar.be\/fr\/wp-json\/wp\/v2\/product"}],"about":[{"href":"https:\/\/sundar.be\/fr\/wp-json\/wp\/v2\/types\/product"}],"replies":[{"embeddable":true,"href":"https:\/\/sundar.be\/fr\/wp-json\/wp\/v2\/comments?post=44721"}],"wp:featuredmedia":[{"embeddable":true,"href":"https:\/\/sundar.be\/fr\/wp-json\/wp\/v2\/media\/44412"}],"wp:attachment":[{"href":"https:\/\/sundar.be\/fr\/wp-json\/wp\/v2\/media?parent=44721"}],"wp:term":[{"taxonomy":"product_brand","embeddable":true,"href":"https:\/\/sundar.be\/fr\/wp-json\/wp\/v2\/product_brand?post=44721"},{"taxonomy":"product_cat","embeddable":true,"href":"https:\/\/sundar.be\/fr\/wp-json\/wp\/v2\/product_cat?post=44721"},{"taxonomy":"product_tag","embeddable":true,"href":"https:\/\/sundar.be\/fr\/wp-json\/wp\/v2\/product_tag?post=44721"}],"curies":[{"name":"wp","href":"https:\/\/api.w.org\/{rel}","templated":true}]}}