{"id":44711,"date":"2024-11-07T12:19:12","date_gmt":"2024-11-08T07:47:05","guid":{"rendered":"https:\/\/sundar.be\/product\/req-acrylfluid-500-ml\/"},"modified":"2025-03-13T11:14:34","modified_gmt":"2025-03-13T10:14:34","slug":"req-acrylfluid-500-ml","status":"publish","type":"product","link":"https:\/\/sundar.be\/fr\/produit\/req-acrylfluid-500-ml\/","title":{"rendered":"REQ Acrylfluid, 500 ml"},"content":{"rendered":"<p>Le liquide acrylique REQ est un liquide acrylique facile \u00e0 utiliser, d&rsquo;une flexibilit\u00e9 maximale et d&rsquo;une adh\u00e9rence sup\u00e9rieure. Gr\u00e2ce \u00e0 son bec verseur unique, REQ offre une alternative hygi\u00e9nique qui r\u00e9duit le risque de d\u00e9versements inutiles et de r\u00e9actions allergiques \u00e9ventuelles. <\/p>\n","protected":false},"excerpt":{"rendered":"<p>Le liquide acrylique REQ est un liquide acrylique facile \u00e0 utiliser, d&rsquo;une flexibilit\u00e9 maximale et d&rsquo;une adh\u00e9rence sup\u00e9rieure. Gr\u00e2ce \u00e0 son bec verseur unique, REQ offre une alternative hygi\u00e9nique qui r\u00e9duit le risque de d\u00e9versements inutiles et de r\u00e9actions allergiques \u00e9ventuelles.<\/p>\n","protected":false},"featured_media":44435,"comment_status":"open","ping_status":"closed","template":"","meta":{"_acf_changed":false},"product_brand":[],"product_cat":[5016,5008,4761],"product_tag":[],"class_list":{"0":"post-44711","1":"product","2":"type-product","3":"status-publish","4":"has-post-thumbnail","6":"product_cat-manucure-accessoires-liquides","7":"product_cat-manucure-materiel-manucure","8":"product_cat-pose-ongles","10":"first","11":"instock","12":"taxable","13":"shipping-taxable","14":"product-type-simple"},"acf":[],"_links":{"self":[{"href":"https:\/\/sundar.be\/fr\/wp-json\/wp\/v2\/product\/44711","targetHints":{"allow":["GET"]}}],"collection":[{"href":"https:\/\/sundar.be\/fr\/wp-json\/wp\/v2\/product"}],"about":[{"href":"https:\/\/sundar.be\/fr\/wp-json\/wp\/v2\/types\/product"}],"replies":[{"embeddable":true,"href":"https:\/\/sundar.be\/fr\/wp-json\/wp\/v2\/comments?post=44711"}],"wp:featuredmedia":[{"embeddable":true,"href":"https:\/\/sundar.be\/fr\/wp-json\/wp\/v2\/media\/44435"}],"wp:attachment":[{"href":"https:\/\/sundar.be\/fr\/wp-json\/wp\/v2\/media?parent=44711"}],"wp:term":[{"taxonomy":"product_brand","embeddable":true,"href":"https:\/\/sundar.be\/fr\/wp-json\/wp\/v2\/product_brand?post=44711"},{"taxonomy":"product_cat","embeddable":true,"href":"https:\/\/sundar.be\/fr\/wp-json\/wp\/v2\/product_cat?post=44711"},{"taxonomy":"product_tag","embeddable":true,"href":"https:\/\/sundar.be\/fr\/wp-json\/wp\/v2\/product_tag?post=44711"}],"curies":[{"name":"wp","href":"https:\/\/api.w.org\/{rel}","templated":true}]}}