{"id":44663,"date":"2024-11-07T13:20:05","date_gmt":"2024-11-07T12:20:05","guid":{"rendered":"https:\/\/sundar.be\/product\/depend-gel-iq-5ml\/"},"modified":"2025-06-19T13:44:38","modified_gmt":"2025-06-19T11:44:38","slug":"depend-gel-iq-5ml","status":"publish","type":"product","link":"https:\/\/sundar.be\/fr\/produit\/depend-gel-iq-5ml\/","title":{"rendered":"Depend Gel iQ, 5ml"},"content":{"rendered":"<p>Vernis gel pour durcissement sous lampe UV\/LED avec une nouvelle technologie, pour des ongles parfaitement brillants en 5 \u00e9tapes simples. Application rapide et facile qui offre des r\u00e9sultats super brillants avec un effet repulpant qui diff\u00e8re des vernis classiques. Il n&rsquo;est pas n\u00e9cessaire de pr\u00e9parer vos ongles naturels en les polissant ou en appliquant une base forte.  <\/p>\n<p>Gel iQ n\u00e9cessite seulement un l\u00e9ger nettoyage avec un Pre-Cleanser doux avant l&rsquo;application des produits gel. La lampe UV\/LED a \u00e9t\u00e9 sp\u00e9cialement d\u00e9velopp\u00e9e et a un temps de durcissement de 30 secondes pour chaque \u00e9tape de l&rsquo;application du gel. La synergie entre la lampe et le gel cr\u00e9e un effet de remplissage, o\u00f9 les stries disparaissent pendant le durcissement, m\u00eame si le gel n&rsquo;a pas \u00e9t\u00e9 appliqu\u00e9 de mani\u00e8re uniforme.  <\/p>\n<p>Une fois que la topcoat a durci sous la lampe, il vous suffit de nettoyer vos ongles avec le High Shine Cleanser, ce qui procure une brillance fantastique et une couleur intense. Le gel est maintenant durci et sec, peut \u00eatre touch\u00e9 et est r\u00e9sistant aux chocs. <\/p>\n<p>Gel iQ offre des r\u00e9sultats longue dur\u00e9e, avec une tenue jusqu&rsquo;\u00e0 14 jours.<\/p>\n","protected":false},"excerpt":{"rendered":"<p>Gel Polish<\/p>\n","protected":false},"featured_media":44471,"comment_status":"open","ping_status":"closed","template":"","meta":{"_acf_changed":false},"product_brand":[],"product_cat":[5089,5643,4761],"product_tag":[],"class_list":{"0":"post-44663","1":"product","2":"type-product","3":"status-publish","4":"has-post-thumbnail","6":"product_cat-depend-fr","7":"product_cat-depend-gel-iq-fr","8":"product_cat-pose-ongles","9":"pa_kleur-bordeaux-lips","10":"pa_kleur-burgundy-blush","11":"pa_kleur-feel-the-beat","12":"pa_kleur-french-pink","13":"pa_kleur-i-lava-you","14":"pa_kleur-lady-in-red","15":"pa_kleur-mauve-matters","16":"pa_kleur-one-in-a-melon","17":"pa_kleur-open-your-heart","18":"pa_kleur-pure-white","19":"pa_kleur-red-carpet","20":"pa_kleur-youre-cherry-special","22":"first","23":"instock","24":"taxable","25":"shipping-taxable","26":"product-type-variable"},"acf":[],"_links":{"self":[{"href":"https:\/\/sundar.be\/fr\/wp-json\/wp\/v2\/product\/44663","targetHints":{"allow":["GET"]}}],"collection":[{"href":"https:\/\/sundar.be\/fr\/wp-json\/wp\/v2\/product"}],"about":[{"href":"https:\/\/sundar.be\/fr\/wp-json\/wp\/v2\/types\/product"}],"replies":[{"embeddable":true,"href":"https:\/\/sundar.be\/fr\/wp-json\/wp\/v2\/comments?post=44663"}],"wp:featuredmedia":[{"embeddable":true,"href":"https:\/\/sundar.be\/fr\/wp-json\/wp\/v2\/media\/44471"}],"wp:attachment":[{"href":"https:\/\/sundar.be\/fr\/wp-json\/wp\/v2\/media?parent=44663"}],"wp:term":[{"taxonomy":"product_brand","embeddable":true,"href":"https:\/\/sundar.be\/fr\/wp-json\/wp\/v2\/product_brand?post=44663"},{"taxonomy":"product_cat","embeddable":true,"href":"https:\/\/sundar.be\/fr\/wp-json\/wp\/v2\/product_cat?post=44663"},{"taxonomy":"product_tag","embeddable":true,"href":"https:\/\/sundar.be\/fr\/wp-json\/wp\/v2\/product_tag?post=44663"}],"curies":[{"name":"wp","href":"https:\/\/api.w.org\/{rel}","templated":true}]}}