{"id":44285,"date":"2024-11-07T09:39:39","date_gmt":"2024-11-07T08:39:39","guid":{"rendered":"https:\/\/sundar.be\/product\/gelacy-no-wipe-matte-top-15ml\/"},"modified":"2025-08-04T13:22:28","modified_gmt":"2025-08-04T11:22:28","slug":"gelacy-no-wipe-matte-top-15ml","status":"publish","type":"product","link":"https:\/\/sundar.be\/fr\/produit\/gelacy-no-wipe-matte-top-15ml\/","title":{"rendered":"Gelacy No Wipe Matte Top, 15ml"},"content":{"rendered":"<p>Vernis de finition mat, sans adh\u00e9sif, id\u00e9al pour la finition de GELACY. (donne un r\u00e9sultat naturel suppl\u00e9mentaire pour les reconstructions d&rsquo;ongles d&rsquo;orteils sur gelacy nude)<\/p>\n","protected":false},"excerpt":{"rendered":"<p>Top Coat Matte, sans couche de dispersion.<\/p>\n","protected":false},"featured_media":44272,"comment_status":"open","ping_status":"closed","template":"","meta":{"_acf_changed":false},"product_brand":[],"product_cat":[5062,4761],"product_tag":[],"class_list":{"0":"post-44285","1":"product","2":"type-product","3":"status-publish","4":"has-post-thumbnail","6":"product_cat-gelacy","7":"product_cat-pose-ongles","9":"first","10":"instock","11":"taxable","12":"shipping-taxable","13":"product-type-simple"},"acf":[],"_links":{"self":[{"href":"https:\/\/sundar.be\/fr\/wp-json\/wp\/v2\/product\/44285","targetHints":{"allow":["GET"]}}],"collection":[{"href":"https:\/\/sundar.be\/fr\/wp-json\/wp\/v2\/product"}],"about":[{"href":"https:\/\/sundar.be\/fr\/wp-json\/wp\/v2\/types\/product"}],"replies":[{"embeddable":true,"href":"https:\/\/sundar.be\/fr\/wp-json\/wp\/v2\/comments?post=44285"}],"wp:featuredmedia":[{"embeddable":true,"href":"https:\/\/sundar.be\/fr\/wp-json\/wp\/v2\/media\/44272"}],"wp:attachment":[{"href":"https:\/\/sundar.be\/fr\/wp-json\/wp\/v2\/media?parent=44285"}],"wp:term":[{"taxonomy":"product_brand","embeddable":true,"href":"https:\/\/sundar.be\/fr\/wp-json\/wp\/v2\/product_brand?post=44285"},{"taxonomy":"product_cat","embeddable":true,"href":"https:\/\/sundar.be\/fr\/wp-json\/wp\/v2\/product_cat?post=44285"},{"taxonomy":"product_tag","embeddable":true,"href":"https:\/\/sundar.be\/fr\/wp-json\/wp\/v2\/product_tag?post=44285"}],"curies":[{"name":"wp","href":"https:\/\/api.w.org\/{rel}","templated":true}]}}