{"id":44266,"date":"2024-11-07T09:34:34","date_gmt":"2024-11-07T08:34:34","guid":{"rendered":"https:\/\/sundar.be\/product\/gelacy-gummy-base-clear-rubberbase-15-ml\/"},"modified":"2025-08-04T13:21:54","modified_gmt":"2025-08-04T11:21:54","slug":"gelacy-gummy-base-clear-rubberbase-15-ml","status":"publish","type":"product","link":"https:\/\/sundar.be\/fr\/produit\/gelacy-gummy-base-clear-rubberbase-15-ml\/","title":{"rendered":"Gelacy Gummy Base Clear (rubberbase), 15 ml"},"content":{"rendered":"<p>Peut \u00eatre utilis\u00e9 comme base sous Gelacy. Il s&rsquo;agit d&rsquo;une base \u00ab caoutchouc \u00bb l\u00e9g\u00e8rement plus \u00e9paisse que la base fondante. Id\u00e9ale pour les probl\u00e8mes de lifting. La base gommeuse peut \u00e9galement \u00eatre utilis\u00e9e comme renfort suppl\u00e9mentaire sous le gel polish.   <\/p>\n","protected":false},"excerpt":{"rendered":"<p>Rubberbase<\/p>\n","protected":false},"featured_media":44264,"comment_status":"open","ping_status":"closed","template":"","meta":{"_acf_changed":false},"product_brand":[],"product_cat":[5062,4761],"product_tag":[],"class_list":{"0":"post-44266","1":"product","2":"type-product","3":"status-publish","4":"has-post-thumbnail","6":"product_cat-gelacy","7":"product_cat-pose-ongles","9":"first","10":"instock","11":"taxable","12":"shipping-taxable","13":"product-type-simple"},"acf":[],"_links":{"self":[{"href":"https:\/\/sundar.be\/fr\/wp-json\/wp\/v2\/product\/44266","targetHints":{"allow":["GET"]}}],"collection":[{"href":"https:\/\/sundar.be\/fr\/wp-json\/wp\/v2\/product"}],"about":[{"href":"https:\/\/sundar.be\/fr\/wp-json\/wp\/v2\/types\/product"}],"replies":[{"embeddable":true,"href":"https:\/\/sundar.be\/fr\/wp-json\/wp\/v2\/comments?post=44266"}],"wp:featuredmedia":[{"embeddable":true,"href":"https:\/\/sundar.be\/fr\/wp-json\/wp\/v2\/media\/44264"}],"wp:attachment":[{"href":"https:\/\/sundar.be\/fr\/wp-json\/wp\/v2\/media?parent=44266"}],"wp:term":[{"taxonomy":"product_brand","embeddable":true,"href":"https:\/\/sundar.be\/fr\/wp-json\/wp\/v2\/product_brand?post=44266"},{"taxonomy":"product_cat","embeddable":true,"href":"https:\/\/sundar.be\/fr\/wp-json\/wp\/v2\/product_cat?post=44266"},{"taxonomy":"product_tag","embeddable":true,"href":"https:\/\/sundar.be\/fr\/wp-json\/wp\/v2\/product_tag?post=44266"}],"curies":[{"name":"wp","href":"https:\/\/api.w.org\/{rel}","templated":true}]}}