{"id":44244,"date":"2024-11-07T09:01:19","date_gmt":"2024-11-07T08:01:19","guid":{"rendered":"https:\/\/sundar.be\/product\/gelacy-blooming-gel-15-ml\/"},"modified":"2025-08-04T13:22:00","modified_gmt":"2025-08-04T11:22:00","slug":"gelacy-blooming-gel-15-ml","status":"publish","type":"product","link":"https:\/\/sundar.be\/fr\/produit\/gelacy-blooming-gel-15-ml\/","title":{"rendered":"Gelacy Blooming Gel, 15 ml"},"content":{"rendered":"<p>Blooming Gel de By Djess est destin\u00e9 au nail art, avec lequel vous cr\u00e9ez<strong> l&rsquo;effet sharm<\/strong> (une technique o\u00f9 nous cr\u00e9ons le dessin dans une base humide).<\/p>\n","protected":false},"excerpt":{"rendered":"<p>Blooming Gel de By Djess est destin\u00e9 au nail art, avec lequel vous cr\u00e9ez l&rsquo;effet sharm (une technique o\u00f9 nous cr\u00e9ons le dessin dans une base humide).<\/p>\n","protected":false},"featured_media":44243,"comment_status":"open","ping_status":"closed","template":"","meta":{"_acf_changed":false},"product_brand":[],"product_cat":[5062,4761],"product_tag":[],"class_list":{"0":"post-44244","1":"product","2":"type-product","3":"status-publish","4":"has-post-thumbnail","6":"product_cat-gelacy","7":"product_cat-pose-ongles","9":"first","10":"instock","11":"taxable","12":"shipping-taxable","13":"product-type-simple"},"acf":[],"_links":{"self":[{"href":"https:\/\/sundar.be\/fr\/wp-json\/wp\/v2\/product\/44244","targetHints":{"allow":["GET"]}}],"collection":[{"href":"https:\/\/sundar.be\/fr\/wp-json\/wp\/v2\/product"}],"about":[{"href":"https:\/\/sundar.be\/fr\/wp-json\/wp\/v2\/types\/product"}],"replies":[{"embeddable":true,"href":"https:\/\/sundar.be\/fr\/wp-json\/wp\/v2\/comments?post=44244"}],"wp:featuredmedia":[{"embeddable":true,"href":"https:\/\/sundar.be\/fr\/wp-json\/wp\/v2\/media\/44243"}],"wp:attachment":[{"href":"https:\/\/sundar.be\/fr\/wp-json\/wp\/v2\/media?parent=44244"}],"wp:term":[{"taxonomy":"product_brand","embeddable":true,"href":"https:\/\/sundar.be\/fr\/wp-json\/wp\/v2\/product_brand?post=44244"},{"taxonomy":"product_cat","embeddable":true,"href":"https:\/\/sundar.be\/fr\/wp-json\/wp\/v2\/product_cat?post=44244"},{"taxonomy":"product_tag","embeddable":true,"href":"https:\/\/sundar.be\/fr\/wp-json\/wp\/v2\/product_tag?post=44244"}],"curies":[{"name":"wp","href":"https:\/\/api.w.org\/{rel}","templated":true}]}}