{"id":44240,"date":"2024-11-07T08:50:43","date_gmt":"2024-11-07T07:50:43","guid":{"rendered":"https:\/\/sundar.be\/product\/gelacy-2-in1-tool\/"},"modified":"2025-08-04T13:22:21","modified_gmt":"2025-08-04T11:22:21","slug":"gelacy-2-in1-tool","status":"publish","type":"product","link":"https:\/\/sundar.be\/fr\/produit\/gelacy-2-in1-tool\/","title":{"rendered":"GELACY 2-in1-tool"},"content":{"rendered":"<div class=\"single-product-overview-details__product-tab-text single-product-overview-details__product-tab-text--is-active\" data-tab=\"description\">\n<div class=\"single-product-overview-details__product-tab-text-description\">D&rsquo;un c\u00f4t\u00e9, une spatule pratique pour couper facilement le Gelacy du tube. De l&rsquo;autre c\u00f4t\u00e9, une brosse \u00e0 langue arrondie en forme de chat. <\/div>\n<\/div>\n","protected":false},"excerpt":{"rendered":"<p>D&rsquo;un c\u00f4t\u00e9, une spatule pratique pour couper facilement le Gelacy du tube. De l&rsquo;autre c\u00f4t\u00e9, une brosse \u00e0 langue arrondie en forme de chat.<\/p>\n","protected":false},"featured_media":44239,"comment_status":"open","ping_status":"closed","template":"","meta":{"_acf_changed":false},"product_brand":[],"product_cat":[5062,4761],"product_tag":[],"class_list":{"0":"post-44240","1":"product","2":"type-product","3":"status-publish","4":"has-post-thumbnail","6":"product_cat-gelacy","7":"product_cat-pose-ongles","9":"first","10":"instock","11":"taxable","12":"shipping-taxable","13":"product-type-simple"},"acf":[],"_links":{"self":[{"href":"https:\/\/sundar.be\/fr\/wp-json\/wp\/v2\/product\/44240","targetHints":{"allow":["GET"]}}],"collection":[{"href":"https:\/\/sundar.be\/fr\/wp-json\/wp\/v2\/product"}],"about":[{"href":"https:\/\/sundar.be\/fr\/wp-json\/wp\/v2\/types\/product"}],"replies":[{"embeddable":true,"href":"https:\/\/sundar.be\/fr\/wp-json\/wp\/v2\/comments?post=44240"}],"wp:featuredmedia":[{"embeddable":true,"href":"https:\/\/sundar.be\/fr\/wp-json\/wp\/v2\/media\/44239"}],"wp:attachment":[{"href":"https:\/\/sundar.be\/fr\/wp-json\/wp\/v2\/media?parent=44240"}],"wp:term":[{"taxonomy":"product_brand","embeddable":true,"href":"https:\/\/sundar.be\/fr\/wp-json\/wp\/v2\/product_brand?post=44240"},{"taxonomy":"product_cat","embeddable":true,"href":"https:\/\/sundar.be\/fr\/wp-json\/wp\/v2\/product_cat?post=44240"},{"taxonomy":"product_tag","embeddable":true,"href":"https:\/\/sundar.be\/fr\/wp-json\/wp\/v2\/product_tag?post=44240"}],"curies":[{"name":"wp","href":"https:\/\/api.w.org\/{rel}","templated":true}]}}