{"id":44136,"date":"2024-11-06T13:31:06","date_gmt":"2024-11-06T12:31:06","guid":{"rendered":"https:\/\/sundar.be\/product\/baehr-lime-blanc-17-8-cm-100-240-1-piece\/"},"modified":"2025-08-04T13:37:16","modified_gmt":"2025-08-04T11:37:16","slug":"baehr-lime-blanc-17-8-cm-100-240-1-piece","status":"publish","type":"product","link":"https:\/\/sundar.be\/fr\/produit\/baehr-lime-blanc-17-8-cm-100-240-1-piece\/","title":{"rendered":"BAEHR Lime Blanc 17.8 cm 100\/240 (1 pi\u00e8ce)"},"content":{"rendered":"<ul>\n<li>Extra large, 2 c\u00f4t\u00e9s, avec milieu souple, longueur 18 cm<\/li>\n<li>Tient bien dans la main gr\u00e2ce \u00e0 sa forme extra-large<\/li>\n<li>Avec le logo BAEHR BEAUTY CONCEPT<\/li>\n<li>Lisse la surface en pr\u00e9paration du scellement \u00e0 l&rsquo;aide de la lime \u00e0 polir.<\/li>\n<\/ul>\n<p>Grain 100\/240 (grossier\/fin) particuli\u00e8rement adapt\u00e9 \u00e0 la pr\u00e9paration de la plaque de l&rsquo;ongle pour le vernis \u00e0 ongles UV<\/p>\n","protected":false},"excerpt":{"rendered":"<p>Extra large, 2 c\u00f4t\u00e9s, avec milieu souple, longueur 18 cm Tient bien dans la main gr\u00e2ce \u00e0 sa forme extra-large Avec le logo BAEHR BEAUTY CONCEPT Lisse la surface en pr\u00e9paration du scellement \u00e0 l&rsquo;aide de la lime \u00e0 polir. Grain 100\/240 (grossier\/fin) particuli\u00e8rement adapt\u00e9 \u00e0 la pr\u00e9paration de la plaque de l&rsquo;ongle pour le [&hellip;]<\/p>\n","protected":false},"featured_media":44789,"comment_status":"open","ping_status":"closed","template":"","meta":{"_acf_changed":false},"product_brand":[],"product_cat":[4974,5629,5630,4972,4761],"product_tag":[],"class_list":{"0":"post-44136","1":"product","2":"type-product","3":"status-publish","4":"has-post-thumbnail","6":"product_cat-baehr-fr","7":"product_cat-manucure-limes","8":"product_cat-limes-demi-lune","9":"product_cat-nos-marques","10":"product_cat-pose-ongles","12":"first","13":"instock","14":"taxable","15":"shipping-taxable","16":"product-type-simple"},"acf":[],"_links":{"self":[{"href":"https:\/\/sundar.be\/fr\/wp-json\/wp\/v2\/product\/44136","targetHints":{"allow":["GET"]}}],"collection":[{"href":"https:\/\/sundar.be\/fr\/wp-json\/wp\/v2\/product"}],"about":[{"href":"https:\/\/sundar.be\/fr\/wp-json\/wp\/v2\/types\/product"}],"replies":[{"embeddable":true,"href":"https:\/\/sundar.be\/fr\/wp-json\/wp\/v2\/comments?post=44136"}],"wp:featuredmedia":[{"embeddable":true,"href":"https:\/\/sundar.be\/fr\/wp-json\/wp\/v2\/media\/44789"}],"wp:attachment":[{"href":"https:\/\/sundar.be\/fr\/wp-json\/wp\/v2\/media?parent=44136"}],"wp:term":[{"taxonomy":"product_brand","embeddable":true,"href":"https:\/\/sundar.be\/fr\/wp-json\/wp\/v2\/product_brand?post=44136"},{"taxonomy":"product_cat","embeddable":true,"href":"https:\/\/sundar.be\/fr\/wp-json\/wp\/v2\/product_cat?post=44136"},{"taxonomy":"product_tag","embeddable":true,"href":"https:\/\/sundar.be\/fr\/wp-json\/wp\/v2\/product_tag?post=44136"}],"curies":[{"name":"wp","href":"https:\/\/api.w.org\/{rel}","templated":true}]}}