{"id":44118,"date":"2024-11-06T12:40:33","date_gmt":"2024-11-06T11:40:33","guid":{"rendered":"https:\/\/sundar.be\/product\/baehr-zebra-file-grey-curved-100-180-10-pieces\/"},"modified":"2025-08-04T13:36:37","modified_gmt":"2025-08-04T11:36:37","slug":"baehr-zebra-file-grey-curved-100-180-10-pieces","status":"publish","type":"product","link":"https:\/\/sundar.be\/fr\/produit\/baehr-zebra-file-grey-curved-100-180-10-pieces\/","title":{"rendered":"BAEHR Zebra File Grey Curved 100\/180 (10 pi\u00e8ces)"},"content":{"rendered":"<ul>\n<li>2 faces<\/li>\n<li>Granulom\u00e9trie 100\/180 (grossier\/moyen)<\/li>\n<li>Avec le logo BAEHR BEAUTY CONCEPT<\/li>\n<li>Durable et avec un taux d&rsquo;\u00e9limination plus \u00e9lev\u00e9 gr\u00e2ce au papier Fuji innovant<\/li>\n<\/ul>\n","protected":false},"excerpt":{"rendered":"<p>Lime courbe 100\/180 (10 pi\u00e8ces)<\/p>\n","protected":false},"featured_media":44796,"comment_status":"open","ping_status":"closed","template":"","meta":{"_acf_changed":false},"product_brand":[],"product_cat":[4974,5629,5630,4972,4761],"product_tag":[],"class_list":{"0":"post-44118","1":"product","2":"type-product","3":"status-publish","4":"has-post-thumbnail","6":"product_cat-baehr-fr","7":"product_cat-manucure-limes","8":"product_cat-limes-demi-lune","9":"product_cat-nos-marques","10":"product_cat-pose-ongles","12":"first","13":"instock","14":"taxable","15":"shipping-taxable","16":"product-type-simple"},"acf":[],"_links":{"self":[{"href":"https:\/\/sundar.be\/fr\/wp-json\/wp\/v2\/product\/44118","targetHints":{"allow":["GET"]}}],"collection":[{"href":"https:\/\/sundar.be\/fr\/wp-json\/wp\/v2\/product"}],"about":[{"href":"https:\/\/sundar.be\/fr\/wp-json\/wp\/v2\/types\/product"}],"replies":[{"embeddable":true,"href":"https:\/\/sundar.be\/fr\/wp-json\/wp\/v2\/comments?post=44118"}],"wp:featuredmedia":[{"embeddable":true,"href":"https:\/\/sundar.be\/fr\/wp-json\/wp\/v2\/media\/44796"}],"wp:attachment":[{"href":"https:\/\/sundar.be\/fr\/wp-json\/wp\/v2\/media?parent=44118"}],"wp:term":[{"taxonomy":"product_brand","embeddable":true,"href":"https:\/\/sundar.be\/fr\/wp-json\/wp\/v2\/product_brand?post=44118"},{"taxonomy":"product_cat","embeddable":true,"href":"https:\/\/sundar.be\/fr\/wp-json\/wp\/v2\/product_cat?post=44118"},{"taxonomy":"product_tag","embeddable":true,"href":"https:\/\/sundar.be\/fr\/wp-json\/wp\/v2\/product_tag?post=44118"}],"curies":[{"name":"wp","href":"https:\/\/api.w.org\/{rel}","templated":true}]}}