{"id":44112,"date":"2024-11-06T12:24:51","date_gmt":"2024-11-06T11:24:51","guid":{"rendered":"https:\/\/sundar.be\/product\/ncm-pinceau-a-gel-standard-nr-6\/"},"modified":"2025-08-04T13:44:16","modified_gmt":"2025-08-04T11:44:16","slug":"ncm-pinceau-a-gel-standard-nr-6","status":"publish","type":"product","link":"https:\/\/sundar.be\/fr\/produit\/ncm-pinceau-a-gel-standard-nr-6\/","title":{"rendered":"NCM Pinceau \u00e0 Gel Standard nr. 6"},"content":{"rendered":"<div class=\"single-product-overview-details__product-tab-text single-product-overview-details__product-tab-text--is-active\" data-tab=\"description\">\n<div class=\"single-product-overview-details__product-tab-text-description\">Ce pinceau peut \u00eatre nettoy\u00e9 aux ultrasons. Il convient parfaitement \u00e0 l&rsquo;application d&rsquo;un gel de couleur. <\/div>\n<\/div>\n","protected":false},"excerpt":{"rendered":"<p>Ce pinceau peut \u00eatre nettoy\u00e9 aux ultrasons. Il convient parfaitement \u00e0 l&rsquo;application d&rsquo;un gel de couleur.<\/p>\n","protected":false},"featured_media":44111,"comment_status":"open","ping_status":"closed","template":"","meta":{"_acf_changed":false},"product_brand":[],"product_cat":[5010,5619,4761],"product_tag":[],"class_list":{"0":"post-44112","1":"product","2":"type-product","3":"status-publish","4":"has-post-thumbnail","6":"product_cat-manucure-pinceaux","7":"product_cat-pinceaux-gel","8":"product_cat-pose-ongles","10":"first","11":"instock","12":"taxable","13":"shipping-taxable","14":"product-type-simple"},"acf":[],"_links":{"self":[{"href":"https:\/\/sundar.be\/fr\/wp-json\/wp\/v2\/product\/44112","targetHints":{"allow":["GET"]}}],"collection":[{"href":"https:\/\/sundar.be\/fr\/wp-json\/wp\/v2\/product"}],"about":[{"href":"https:\/\/sundar.be\/fr\/wp-json\/wp\/v2\/types\/product"}],"replies":[{"embeddable":true,"href":"https:\/\/sundar.be\/fr\/wp-json\/wp\/v2\/comments?post=44112"}],"wp:featuredmedia":[{"embeddable":true,"href":"https:\/\/sundar.be\/fr\/wp-json\/wp\/v2\/media\/44111"}],"wp:attachment":[{"href":"https:\/\/sundar.be\/fr\/wp-json\/wp\/v2\/media?parent=44112"}],"wp:term":[{"taxonomy":"product_brand","embeddable":true,"href":"https:\/\/sundar.be\/fr\/wp-json\/wp\/v2\/product_brand?post=44112"},{"taxonomy":"product_cat","embeddable":true,"href":"https:\/\/sundar.be\/fr\/wp-json\/wp\/v2\/product_cat?post=44112"},{"taxonomy":"product_tag","embeddable":true,"href":"https:\/\/sundar.be\/fr\/wp-json\/wp\/v2\/product_tag?post=44112"}],"curies":[{"name":"wp","href":"https:\/\/api.w.org\/{rel}","templated":true}]}}