{"id":44108,"date":"2024-11-06T12:18:42","date_gmt":"2024-11-06T11:18:42","guid":{"rendered":"https:\/\/sundar.be\/product\/halo-polibuild-liquid-control-100-ml\/"},"modified":"2025-08-04T13:42:27","modified_gmt":"2025-08-04T11:42:27","slug":"halo-polibuild-liquid-control-100-ml","status":"publish","type":"product","link":"https:\/\/sundar.be\/fr\/produit\/halo-polibuild-liquid-control-100-ml\/","title":{"rendered":"HALO PoliBuild Liquid Control, 100 ml"},"content":{"rendered":"<p>HALO PoliBuild Liquid Control 100 ml<\/p>\n<ul>\n<li>Liquide pour maintenir la brosse humide afin de pouvoir traiter le Polibuild.<\/li>\n<li>Sinon, le produit collera \u00e0 la brosse<\/li>\n<li>Il ne s&rsquo;agit pas d&rsquo;un m\u00e9lange de ratio liquide, votre produit est pr\u00eat \u00e0 l&#8217;emploi.<\/li>\n<li>Remarque : le liquide est violet et non transparent comme indiqu\u00e9 sur l&rsquo;image.<\/li>\n<li>Il ne s&rsquo;agit pas d&rsquo;un nettoyant et ne peut pas \u00eatre utilis\u00e9 comme d\u00e9graissant, d\u00e9shydratant, etc.<\/li>\n<\/ul>\n","protected":false},"excerpt":{"rendered":"<p>HALO PoliBuild Liquid Control 100 ml<\/p>\n","protected":false},"featured_media":44107,"comment_status":"open","ping_status":"closed","template":"","meta":{"_acf_changed":false},"product_brand":[],"product_cat":[4761],"product_tag":[],"class_list":{"0":"post-44108","1":"product","2":"type-product","3":"status-publish","4":"has-post-thumbnail","6":"product_cat-pose-ongles","8":"first","9":"instock","10":"taxable","11":"shipping-taxable","12":"product-type-simple"},"acf":[],"_links":{"self":[{"href":"https:\/\/sundar.be\/fr\/wp-json\/wp\/v2\/product\/44108","targetHints":{"allow":["GET"]}}],"collection":[{"href":"https:\/\/sundar.be\/fr\/wp-json\/wp\/v2\/product"}],"about":[{"href":"https:\/\/sundar.be\/fr\/wp-json\/wp\/v2\/types\/product"}],"replies":[{"embeddable":true,"href":"https:\/\/sundar.be\/fr\/wp-json\/wp\/v2\/comments?post=44108"}],"wp:featuredmedia":[{"embeddable":true,"href":"https:\/\/sundar.be\/fr\/wp-json\/wp\/v2\/media\/44107"}],"wp:attachment":[{"href":"https:\/\/sundar.be\/fr\/wp-json\/wp\/v2\/media?parent=44108"}],"wp:term":[{"taxonomy":"product_brand","embeddable":true,"href":"https:\/\/sundar.be\/fr\/wp-json\/wp\/v2\/product_brand?post=44108"},{"taxonomy":"product_cat","embeddable":true,"href":"https:\/\/sundar.be\/fr\/wp-json\/wp\/v2\/product_cat?post=44108"},{"taxonomy":"product_tag","embeddable":true,"href":"https:\/\/sundar.be\/fr\/wp-json\/wp\/v2\/product_tag?post=44108"}],"curies":[{"name":"wp","href":"https:\/\/api.w.org\/{rel}","templated":true}]}}