{"id":44083,"date":"2024-10-29T14:36:25","date_gmt":"2024-10-29T13:36:25","guid":{"rendered":"https:\/\/sundar.be\/product\/dadi-oil\/"},"modified":"2025-12-16T09:31:25","modified_gmt":"2025-12-16T08:31:25","slug":"dadi-oil","status":"publish","type":"product","link":"https:\/\/sundar.be\/fr\/produit\/dadi-oil\/","title":{"rendered":"Dadi&rsquo; Oil"},"content":{"rendered":"<p data-start=\"48\" data-end=\"334\"><span style=\"color: #557e96;\"><strong>Dadi\u2019 Oil <\/strong><\/span>est une huile de soin luxueuse et multifonctionnelle qui nourrit et prot\u00e8ge intens\u00e9ment la peau, les ongles et les cuticules. Sa formule soigneusement \u00e9labor\u00e9e \u00e0 base d\u2019huiles v\u00e9g\u00e9tales de haute qualit\u00e9 aide \u00e0 r\u00e9duire la s\u00e9cheresse et soutient le processus naturel de r\u00e9paration de la peau et des ongles. <\/p>\n<p data-start=\"336\" data-end=\"546\">Gr\u00e2ce \u00e0 sa texture l\u00e9g\u00e8re, Dadi\u2019 Oil p\u00e9n\u00e8tre rapidement sans laisser de film gras. Id\u00e9ale pour un usage quotidien et indispensable dans les traitements professionnels de manucure et de p\u00e9dicurie, elle est \u00e9galement parfaite pour les soins \u00e0 domicile. <\/p>\n","protected":false},"excerpt":{"rendered":"<p data-start=\"581\" data-end=\"718\">Une huile de soin luxueuse qui nourrit et adoucit la peau, les ongles et les cuticules. P\u00e9n\u00e8tre rapidement et assure un r\u00e9sultat souple et soign\u00e9. <\/p>\n","protected":false},"featured_media":44017,"comment_status":"open","ping_status":"closed","template":"","meta":{"_acf_changed":false},"product_brand":[],"product_cat":[4870,4970,4761,5077,5058],"product_tag":[],"class_list":{"0":"post-44083","1":"product","2":"type-product","3":"status-publish","4":"has-post-thumbnail","6":"product_cat-dadi-oil-fr","7":"product_cat-manucure-huiles-ongles","8":"product_cat-pose-ongles","9":"product_cat-manucure-soin-des-ongles","10":"product_cat-webshop-fr","11":"pa_inhoud-143-ml-fr","12":"pa_inhoud-172-ml-fr","13":"pa_inhoud-375-ml-fr","14":"pa_inhoud-72-ml-avec-pipette","15":"pa_inhoud-display-12x-143-ml-fr","16":"pa_inhoud-presentoir-24x-375-ml","18":"first","19":"instock","20":"taxable","21":"shipping-taxable","22":"product-type-variable"},"acf":[],"_links":{"self":[{"href":"https:\/\/sundar.be\/fr\/wp-json\/wp\/v2\/product\/44083","targetHints":{"allow":["GET"]}}],"collection":[{"href":"https:\/\/sundar.be\/fr\/wp-json\/wp\/v2\/product"}],"about":[{"href":"https:\/\/sundar.be\/fr\/wp-json\/wp\/v2\/types\/product"}],"replies":[{"embeddable":true,"href":"https:\/\/sundar.be\/fr\/wp-json\/wp\/v2\/comments?post=44083"}],"wp:featuredmedia":[{"embeddable":true,"href":"https:\/\/sundar.be\/fr\/wp-json\/wp\/v2\/media\/44017"}],"wp:attachment":[{"href":"https:\/\/sundar.be\/fr\/wp-json\/wp\/v2\/media?parent=44083"}],"wp:term":[{"taxonomy":"product_brand","embeddable":true,"href":"https:\/\/sundar.be\/fr\/wp-json\/wp\/v2\/product_brand?post=44083"},{"taxonomy":"product_cat","embeddable":true,"href":"https:\/\/sundar.be\/fr\/wp-json\/wp\/v2\/product_cat?post=44083"},{"taxonomy":"product_tag","embeddable":true,"href":"https:\/\/sundar.be\/fr\/wp-json\/wp\/v2\/product_tag?post=44083"}],"curies":[{"name":"wp","href":"https:\/\/api.w.org\/{rel}","templated":true}]}}