{"id":43836,"date":"2024-10-08T19:12:15","date_gmt":"2024-10-08T17:12:15","guid":{"rendered":"https:\/\/sundar.be\/product\/akileine-sports-start-gel-75-ml\/"},"modified":"2025-05-20T07:58:12","modified_gmt":"2025-05-20T05:58:12","slug":"akileine-sports-start-gel-75-ml","status":"publish","type":"product","link":"https:\/\/sundar.be\/fr\/produit\/akileine-sports-start-gel-75-ml\/","title":{"rendered":"Akile\u00efne Sports Start Gel, 75 ml"},"content":{"rendered":"<div class=\"single-product-overview-details__product-tab-text single-product-overview-details__product-tab-text--is-active\" data-tab=\"description\">\n<div class=\"single-product-overview-details__product-tab-text-description\">Gel chauffant pour la pr\u00e9paration des muscles \u00e0 la pratique sportive. Gel thermoactif qui facilite l&rsquo;\u00e9chauffement dynamique, \u00e9vitant ainsi les blessures et les claquages musculaires. <\/div>\n<\/div>\n","protected":false},"excerpt":{"rendered":"<p>Gel chauffant pour la pr\u00e9paration des muscles \u00e0 la pratique sportive. Gel thermoactif qui facilite l&rsquo;\u00e9chauffement dynamique, \u00e9vitant ainsi les blessures et les claquages musculaires.<\/p>\n","protected":false},"featured_media":43520,"comment_status":"open","ping_status":"closed","template":"","meta":{"_acf_changed":false},"product_brand":[],"product_cat":[4227,4225,4223],"product_tag":[],"class_list":{"0":"post-43836","1":"product","2":"type-product","3":"status-publish","4":"has-post-thumbnail","6":"product_cat-massage-lotions-de-massage","7":"product_cat-huiles-de-massage-lotions","8":"product_cat-massage-fr-webshop-fr","10":"first","11":"instock","12":"taxable","13":"shipping-taxable","14":"product-type-simple"},"acf":[],"_links":{"self":[{"href":"https:\/\/sundar.be\/fr\/wp-json\/wp\/v2\/product\/43836","targetHints":{"allow":["GET"]}}],"collection":[{"href":"https:\/\/sundar.be\/fr\/wp-json\/wp\/v2\/product"}],"about":[{"href":"https:\/\/sundar.be\/fr\/wp-json\/wp\/v2\/types\/product"}],"replies":[{"embeddable":true,"href":"https:\/\/sundar.be\/fr\/wp-json\/wp\/v2\/comments?post=43836"}],"wp:featuredmedia":[{"embeddable":true,"href":"https:\/\/sundar.be\/fr\/wp-json\/wp\/v2\/media\/43520"}],"wp:attachment":[{"href":"https:\/\/sundar.be\/fr\/wp-json\/wp\/v2\/media?parent=43836"}],"wp:term":[{"taxonomy":"product_brand","embeddable":true,"href":"https:\/\/sundar.be\/fr\/wp-json\/wp\/v2\/product_brand?post=43836"},{"taxonomy":"product_cat","embeddable":true,"href":"https:\/\/sundar.be\/fr\/wp-json\/wp\/v2\/product_cat?post=43836"},{"taxonomy":"product_tag","embeddable":true,"href":"https:\/\/sundar.be\/fr\/wp-json\/wp\/v2\/product_tag?post=43836"}],"curies":[{"name":"wp","href":"https:\/\/api.w.org\/{rel}","templated":true}]}}