{"id":43835,"date":"2024-10-11T08:49:12","date_gmt":"2024-10-11T07:13:05","guid":{"rendered":"https:\/\/sundar.be\/product\/monteil-christmas-handbutter-25-ml\/"},"modified":"2025-01-01T00:02:16","modified_gmt":"2024-12-31T23:02:16","slug":"monteil-christmas-handbutter-25-ml","status":"publish","type":"product","link":"https:\/\/sundar.be\/fr\/produit\/monteil-christmas-handbutter-25-ml\/","title":{"rendered":"Monteil Christmas Handbutter, 25 ml"},"content":{"rendered":"<p>La d\u00e9licieuse composition parfum\u00e9e de cette cr\u00e8me pour les mains intens\u00e9ment nourrissante est une v\u00e9ritable symphonie pour les sens.<\/p>\n<div>Une symphonie de bois de santal, d&rsquo;oudh, de vanille, de f\u00e8ve tonka et d&rsquo;ambre ! Nourrit et soigne intens\u00e9ment. R\u00e9g\u00e9n\u00e8re et hydrate les mains s\u00e8ches.  <\/div>\n","protected":false},"excerpt":{"rendered":"<p>La d\u00e9licieuse composition parfum\u00e9e de cette cr\u00e8me pour les mains intens\u00e9ment nourrissante est une v\u00e9ritable symphonie pour les sens. Une symphonie de bois de santal, d&rsquo;oudh, de vanille, de f\u00e8ve tonka et d&rsquo;ambre ! Nourrit et soigne intens\u00e9ment. R\u00e9g\u00e9n\u00e8re et hydrate les mains s\u00e8ches.<\/p>\n","protected":false},"featured_media":43796,"comment_status":"open","ping_status":"closed","template":"","meta":{"_acf_changed":false},"product_brand":[],"product_cat":[3252],"product_tag":[],"class_list":{"0":"post-43835","1":"product","2":"type-product","3":"status-publish","4":"has-post-thumbnail","6":"product_cat-uncategorized-fr","8":"first","9":"instock","10":"taxable","11":"shipping-taxable","12":"product-type-simple"},"acf":[],"_links":{"self":[{"href":"https:\/\/sundar.be\/fr\/wp-json\/wp\/v2\/product\/43835","targetHints":{"allow":["GET"]}}],"collection":[{"href":"https:\/\/sundar.be\/fr\/wp-json\/wp\/v2\/product"}],"about":[{"href":"https:\/\/sundar.be\/fr\/wp-json\/wp\/v2\/types\/product"}],"replies":[{"embeddable":true,"href":"https:\/\/sundar.be\/fr\/wp-json\/wp\/v2\/comments?post=43835"}],"wp:featuredmedia":[{"embeddable":true,"href":"https:\/\/sundar.be\/fr\/wp-json\/wp\/v2\/media\/43796"}],"wp:attachment":[{"href":"https:\/\/sundar.be\/fr\/wp-json\/wp\/v2\/media?parent=43835"}],"wp:term":[{"taxonomy":"product_brand","embeddable":true,"href":"https:\/\/sundar.be\/fr\/wp-json\/wp\/v2\/product_brand?post=43835"},{"taxonomy":"product_cat","embeddable":true,"href":"https:\/\/sundar.be\/fr\/wp-json\/wp\/v2\/product_cat?post=43835"},{"taxonomy":"product_tag","embeddable":true,"href":"https:\/\/sundar.be\/fr\/wp-json\/wp\/v2\/product_tag?post=43835"}],"curies":[{"name":"wp","href":"https:\/\/api.w.org\/{rel}","templated":true}]}}