{"id":43792,"date":"2024-10-11T08:41:35","date_gmt":"2024-10-11T06:42:56","guid":{"rendered":"https:\/\/sundar.be\/product\/monteil-christmas-box-hydro-cell\/"},"modified":"2024-10-11T08:42:56","modified_gmt":"2024-10-11T06:42:56","slug":"monteil-christmas-box-hydro-cell","status":"publish","type":"product","link":"https:\/\/sundar.be\/fr\/produit\/monteil-christmas-box-hydro-cell\/","title":{"rendered":"Monteil Christmas Box Hydro-Cell"},"content":{"rendered":"<p>D\u00e9couvrez les magnifiques coffrets de Monteil pour les f\u00eates de fin d&rsquo;ann\u00e9e ! La collection de No\u00ebl \u00ab Aurora \u00bb de cette ann\u00e9e est \u00e0 d\u00e9couvrir. <\/p>\n<p><strong>Contenu:<\/strong><\/p>\n<ul>\n<li>CLEANSING Pro Active Cleanser, 100 ml<\/li>\n<li>HYDRO CELL Intensive Moisture Creme Day\/Night, 50 ml<\/li>\n<li>HYDRO CELL Age Defense Eye Cream, 15 ml<\/li>\n<\/ul>\n","protected":false},"excerpt":{"rendered":"<p>D\u00e9couvrez les magnifiques coffrets de Monteil pour les f\u00eates de fin d&rsquo;ann\u00e9e ! La collection de No\u00ebl \u00ab Aurora \u00bb de cette ann\u00e9e est \u00e0 d\u00e9couvrir. Contenu: CLEANSING Pro Active Cleanser, 100 ml HYDRO CELL Intensive Moisture Creme Day\/Night, 50 ml HYDRO CELL Age Defense Eye Cream, 15 ml<\/p>\n","protected":false},"featured_media":43788,"comment_status":"open","ping_status":"closed","template":"","meta":{"_acf_changed":false},"product_brand":[],"product_cat":[3252],"product_tag":[],"class_list":{"0":"post-43792","1":"product","2":"type-product","3":"status-publish","4":"has-post-thumbnail","6":"product_cat-uncategorized-fr","8":"first","9":"outofstock","10":"taxable","11":"shipping-taxable","12":"product-type-simple"},"acf":[],"_links":{"self":[{"href":"https:\/\/sundar.be\/fr\/wp-json\/wp\/v2\/product\/43792","targetHints":{"allow":["GET"]}}],"collection":[{"href":"https:\/\/sundar.be\/fr\/wp-json\/wp\/v2\/product"}],"about":[{"href":"https:\/\/sundar.be\/fr\/wp-json\/wp\/v2\/types\/product"}],"replies":[{"embeddable":true,"href":"https:\/\/sundar.be\/fr\/wp-json\/wp\/v2\/comments?post=43792"}],"wp:featuredmedia":[{"embeddable":true,"href":"https:\/\/sundar.be\/fr\/wp-json\/wp\/v2\/media\/43788"}],"wp:attachment":[{"href":"https:\/\/sundar.be\/fr\/wp-json\/wp\/v2\/media?parent=43792"}],"wp:term":[{"taxonomy":"product_brand","embeddable":true,"href":"https:\/\/sundar.be\/fr\/wp-json\/wp\/v2\/product_brand?post=43792"},{"taxonomy":"product_cat","embeddable":true,"href":"https:\/\/sundar.be\/fr\/wp-json\/wp\/v2\/product_cat?post=43792"},{"taxonomy":"product_tag","embeddable":true,"href":"https:\/\/sundar.be\/fr\/wp-json\/wp\/v2\/product_tag?post=43792"}],"curies":[{"name":"wp","href":"https:\/\/api.w.org\/{rel}","templated":true}]}}