{"id":43789,"date":"2024-10-11T08:40:00","date_gmt":"2024-10-11T06:42:09","guid":{"rendered":"https:\/\/sundar.be\/product\/monteil-christmas-box-acti-vita\/"},"modified":"2025-03-13T11:18:26","modified_gmt":"2025-03-13T10:18:26","slug":"monteil-christmas-box-acti-vita","status":"publish","type":"product","link":"https:\/\/sundar.be\/fr\/produit\/monteil-christmas-box-acti-vita\/","title":{"rendered":"Monteil Christmas Box Acti-Vita"},"content":{"rendered":"<p>D\u00e9couvrez le magnifique coffret de Monteil pour les f\u00eates de fin d&rsquo;ann\u00e9e ! La collection de No\u00ebl \u00ab Aurora \u00bb de cette ann\u00e9e est \u00e0 d\u00e9couvrir. <\/p>\n<p><strong>Contenu:<\/strong><\/p>\n<ul>\n<li>CLEANSING Gel nettoyant apaisant, 100 ml<\/li>\n<li>ACTI-VITA Ultra Rich Cream ProCGen, 50 ml<\/li>\n<li>ACTI-VITA Ultra Riche Eye Cream ProCGen, 15 ml<\/li>\n<\/ul>\n","protected":false},"excerpt":{"rendered":"<p>D\u00e9couvrez le magnifique coffret de Monteil pour les f\u00eates de fin d&rsquo;ann\u00e9e ! La collection de No\u00ebl \u00ab Aurora \u00bb de cette ann\u00e9e est \u00e0 d\u00e9couvrir. Contenu: CLEANSING Gel nettoyant apaisant, 100 ml ACTI-VITA Ultra Rich Cream ProCGen, 50 ml ACTI-VITA Ultra Riche Eye Cream ProCGen, 15 ml<\/p>\n","protected":false},"featured_media":43785,"comment_status":"open","ping_status":"closed","template":"","meta":{"_acf_changed":false},"product_brand":[],"product_cat":[3252],"product_tag":[],"class_list":{"0":"post-43789","1":"product","2":"type-product","3":"status-publish","4":"has-post-thumbnail","6":"product_cat-uncategorized-fr","8":"first","9":"instock","10":"taxable","11":"shipping-taxable","12":"product-type-simple"},"acf":[],"_links":{"self":[{"href":"https:\/\/sundar.be\/fr\/wp-json\/wp\/v2\/product\/43789","targetHints":{"allow":["GET"]}}],"collection":[{"href":"https:\/\/sundar.be\/fr\/wp-json\/wp\/v2\/product"}],"about":[{"href":"https:\/\/sundar.be\/fr\/wp-json\/wp\/v2\/types\/product"}],"replies":[{"embeddable":true,"href":"https:\/\/sundar.be\/fr\/wp-json\/wp\/v2\/comments?post=43789"}],"wp:featuredmedia":[{"embeddable":true,"href":"https:\/\/sundar.be\/fr\/wp-json\/wp\/v2\/media\/43785"}],"wp:attachment":[{"href":"https:\/\/sundar.be\/fr\/wp-json\/wp\/v2\/media?parent=43789"}],"wp:term":[{"taxonomy":"product_brand","embeddable":true,"href":"https:\/\/sundar.be\/fr\/wp-json\/wp\/v2\/product_brand?post=43789"},{"taxonomy":"product_cat","embeddable":true,"href":"https:\/\/sundar.be\/fr\/wp-json\/wp\/v2\/product_cat?post=43789"},{"taxonomy":"product_tag","embeddable":true,"href":"https:\/\/sundar.be\/fr\/wp-json\/wp\/v2\/product_tag?post=43789"}],"curies":[{"name":"wp","href":"https:\/\/api.w.org\/{rel}","templated":true}]}}