{"id":43760,"date":"2024-10-11T08:05:57","date_gmt":"2024-10-11T06:05:57","guid":{"rendered":"https:\/\/sundar.be\/product\/arcancil-paris-cover-match-foundation-25ml\/"},"modified":"2025-03-13T11:19:58","modified_gmt":"2025-03-13T10:19:58","slug":"arcancil-paris-cover-match-foundation-25ml","status":"publish","type":"product","link":"https:\/\/sundar.be\/fr\/produit\/arcancil-paris-cover-match-foundation-25ml\/","title":{"rendered":"Arcancil Paris Cover Match Foundation, 25ml"},"content":{"rendered":"<p>Cover Match est le fond de teint parfait ! Il est durable et r\u00e9sistant \u00e0 l&rsquo;eau, et se d\u00e9cline en 8 teintes diff\u00e9rentes pour les peaux claires et mates. La formule liquide est facile \u00e0 appliquer et offre une couleur parfaite et uniforme sans aucune imperfection. SPF15   <\/p>\n","protected":false},"excerpt":{"rendered":"<p>Fond de teint imperm\u00e9able avec SPF15<\/p>\n","protected":false},"featured_media":43757,"comment_status":"open","ping_status":"closed","template":"","meta":{"_acf_changed":false},"product_brand":[],"product_cat":[4489,1461],"product_tag":[],"class_list":{"0":"post-43760","1":"product","2":"type-product","3":"status-publish","4":"has-post-thumbnail","6":"product_cat-maquillage-blush-bronzage","7":"product_cat-maquillage","8":"pa_kleur-025-blond-tendre","9":"pa_kleur-032-sable-dore","10":"pa_kleur-045-beige-canelle","12":"first","13":"instock","14":"taxable","15":"shipping-taxable","16":"product-type-variable"},"acf":[],"_links":{"self":[{"href":"https:\/\/sundar.be\/fr\/wp-json\/wp\/v2\/product\/43760","targetHints":{"allow":["GET"]}}],"collection":[{"href":"https:\/\/sundar.be\/fr\/wp-json\/wp\/v2\/product"}],"about":[{"href":"https:\/\/sundar.be\/fr\/wp-json\/wp\/v2\/types\/product"}],"replies":[{"embeddable":true,"href":"https:\/\/sundar.be\/fr\/wp-json\/wp\/v2\/comments?post=43760"}],"wp:featuredmedia":[{"embeddable":true,"href":"https:\/\/sundar.be\/fr\/wp-json\/wp\/v2\/media\/43757"}],"wp:attachment":[{"href":"https:\/\/sundar.be\/fr\/wp-json\/wp\/v2\/media?parent=43760"}],"wp:term":[{"taxonomy":"product_brand","embeddable":true,"href":"https:\/\/sundar.be\/fr\/wp-json\/wp\/v2\/product_brand?post=43760"},{"taxonomy":"product_cat","embeddable":true,"href":"https:\/\/sundar.be\/fr\/wp-json\/wp\/v2\/product_cat?post=43760"},{"taxonomy":"product_tag","embeddable":true,"href":"https:\/\/sundar.be\/fr\/wp-json\/wp\/v2\/product_tag?post=43760"}],"curies":[{"name":"wp","href":"https:\/\/api.w.org\/{rel}","templated":true}]}}