{"id":43740,"date":"2024-10-10T07:59:24","date_gmt":"2024-10-10T05:59:24","guid":{"rendered":"https:\/\/sundar.be\/product\/clean-easy-bandes-de-coton-en-rouleau-36-metres\/"},"modified":"2025-08-04T13:42:55","modified_gmt":"2025-08-04T11:42:55","slug":"clean-easy-bandes-de-coton-en-rouleau-36-metres","status":"publish","type":"product","link":"https:\/\/sundar.be\/fr\/produit\/clean-easy-bandes-de-coton-en-rouleau-36-metres\/","title":{"rendered":"Clean &amp; Easy Bandes de coton en rouleau, 36 m\u00e8tres"},"content":{"rendered":"<div class=\"single-product-overview-details__product-tab-text single-product-overview-details__product-tab-text--is-active\" data-tab=\"description\">\n<div class=\"single-product-overview-details__product-tab-text-description\">Les bandes de coton \u00e9pousent plus facilement la forme de la peau \/ du pli cutan\u00e9, ce qui convient parfaitement \u00e0 l&rsquo;\u00e9pilation du maillot et des aisselles. 36 m\u00e8tres. <\/div>\n<\/div>\n","protected":false},"excerpt":{"rendered":"<p>Les bandes de coton \u00e9pousent plus facilement la forme de la peau \/ du pli cutan\u00e9, ce qui convient parfaitement \u00e0 l&rsquo;\u00e9pilation du maillot et des aisselles. 36 m\u00e8tres.<\/p>\n","protected":false},"featured_media":43738,"comment_status":"open","ping_status":"closed","template":"","meta":{"_acf_changed":false},"product_brand":[],"product_cat":[5733,4767,1584],"product_tag":[],"class_list":{"0":"post-43740","1":"product","2":"type-product","3":"status-publish","4":"has-post-thumbnail","6":"product_cat-bandes-depilatoires","7":"product_cat-beaute","8":"product_cat-depilation","10":"first","11":"instock","12":"taxable","13":"shipping-taxable","14":"product-type-simple"},"acf":[],"_links":{"self":[{"href":"https:\/\/sundar.be\/fr\/wp-json\/wp\/v2\/product\/43740","targetHints":{"allow":["GET"]}}],"collection":[{"href":"https:\/\/sundar.be\/fr\/wp-json\/wp\/v2\/product"}],"about":[{"href":"https:\/\/sundar.be\/fr\/wp-json\/wp\/v2\/types\/product"}],"replies":[{"embeddable":true,"href":"https:\/\/sundar.be\/fr\/wp-json\/wp\/v2\/comments?post=43740"}],"wp:featuredmedia":[{"embeddable":true,"href":"https:\/\/sundar.be\/fr\/wp-json\/wp\/v2\/media\/43738"}],"wp:attachment":[{"href":"https:\/\/sundar.be\/fr\/wp-json\/wp\/v2\/media?parent=43740"}],"wp:term":[{"taxonomy":"product_brand","embeddable":true,"href":"https:\/\/sundar.be\/fr\/wp-json\/wp\/v2\/product_brand?post=43740"},{"taxonomy":"product_cat","embeddable":true,"href":"https:\/\/sundar.be\/fr\/wp-json\/wp\/v2\/product_cat?post=43740"},{"taxonomy":"product_tag","embeddable":true,"href":"https:\/\/sundar.be\/fr\/wp-json\/wp\/v2\/product_tag?post=43740"}],"curies":[{"name":"wp","href":"https:\/\/api.w.org\/{rel}","templated":true}]}}