{"id":43739,"date":"2024-10-10T07:57:29","date_gmt":"2024-10-10T05:57:29","guid":{"rendered":"https:\/\/sundar.be\/product\/clean-easy-bandes-de-resine-large100-pieces\/"},"modified":"2025-08-04T13:42:52","modified_gmt":"2025-08-04T11:42:52","slug":"clean-easy-bandes-de-resine-large100-pieces","status":"publish","type":"product","link":"https:\/\/sundar.be\/fr\/produit\/clean-easy-bandes-de-resine-large100-pieces\/","title":{"rendered":"Clean &amp; Easy Bandes de R\u00e9sine Large,100 pi\u00e8ces"},"content":{"rendered":"<p>Bandes d&rsquo;\u00e9pilation en coton, traction suppl\u00e9mentaire, destin\u00e9es \u00e0 l&rsquo;\u00e9pilation des jambes. Les bandes de coton \u00e9pousent plus facilement la forme de la peau \/ du pli cutan\u00e9. <\/p>\n","protected":false},"excerpt":{"rendered":"<p>Bandes d&rsquo;\u00e9pilation en coton, traction suppl\u00e9mentaire, destin\u00e9es \u00e0 l&rsquo;\u00e9pilation des jambes. Les bandes de coton \u00e9pousent plus facilement la forme de la peau \/ du pli cutan\u00e9.<\/p>\n","protected":false},"featured_media":43733,"comment_status":"open","ping_status":"closed","template":"","meta":{"_acf_changed":false},"product_brand":[],"product_cat":[5733,4767,1584],"product_tag":[],"class_list":{"0":"post-43739","1":"product","2":"type-product","3":"status-publish","4":"has-post-thumbnail","6":"product_cat-bandes-depilatoires","7":"product_cat-beaute","8":"product_cat-depilation","10":"first","11":"instock","12":"taxable","13":"shipping-taxable","14":"product-type-simple"},"acf":[],"_links":{"self":[{"href":"https:\/\/sundar.be\/fr\/wp-json\/wp\/v2\/product\/43739","targetHints":{"allow":["GET"]}}],"collection":[{"href":"https:\/\/sundar.be\/fr\/wp-json\/wp\/v2\/product"}],"about":[{"href":"https:\/\/sundar.be\/fr\/wp-json\/wp\/v2\/types\/product"}],"replies":[{"embeddable":true,"href":"https:\/\/sundar.be\/fr\/wp-json\/wp\/v2\/comments?post=43739"}],"wp:featuredmedia":[{"embeddable":true,"href":"https:\/\/sundar.be\/fr\/wp-json\/wp\/v2\/media\/43733"}],"wp:attachment":[{"href":"https:\/\/sundar.be\/fr\/wp-json\/wp\/v2\/media?parent=43739"}],"wp:term":[{"taxonomy":"product_brand","embeddable":true,"href":"https:\/\/sundar.be\/fr\/wp-json\/wp\/v2\/product_brand?post=43739"},{"taxonomy":"product_cat","embeddable":true,"href":"https:\/\/sundar.be\/fr\/wp-json\/wp\/v2\/product_cat?post=43739"},{"taxonomy":"product_tag","embeddable":true,"href":"https:\/\/sundar.be\/fr\/wp-json\/wp\/v2\/product_tag?post=43739"}],"curies":[{"name":"wp","href":"https:\/\/api.w.org\/{rel}","templated":true}]}}