{"id":43729,"date":"2024-10-10T07:53:14","date_gmt":"2024-10-10T05:53:14","guid":{"rendered":"https:\/\/sundar.be\/product\/clean-easy-dispositif-de-resine-small\/"},"modified":"2025-08-04T13:42:49","modified_gmt":"2025-08-04T11:42:49","slug":"clean-easy-dispositif-de-resine-small","status":"publish","type":"product","link":"https:\/\/sundar.be\/fr\/produit\/clean-easy-dispositif-de-resine-small\/","title":{"rendered":"Clean &amp; Easy Dispositif de r\u00e9sine small"},"content":{"rendered":"<p>Le Clean + Easy Petite Waxing Spa appareil en r\u00e9sine est particuli\u00e8rement adapt\u00e9 au maillot, \u00e0 la l\u00e8vre sup\u00e9rieure et aux sourcils. Il y a de la place pour deux recharges moyennes et deux petites. De taille compacte, il est dot\u00e9 d&rsquo;une commande de temp\u00e9rature s\u00e9par\u00e9e (gauche et droite).  <\/p>\n","protected":false},"excerpt":{"rendered":"<p>Le Clean + Easy Petite Waxing Spa appareil en r\u00e9sine est particuli\u00e8rement adapt\u00e9 au maillot, \u00e0 la l\u00e8vre sup\u00e9rieure et aux sourcils. Il y a de la place pour deux recharges moyennes et deux petites. De taille compacte, il est dot\u00e9 d&rsquo;une commande de temp\u00e9rature s\u00e9par\u00e9e (gauche et droite).<\/p>\n","protected":false},"featured_media":43724,"comment_status":"open","ping_status":"closed","template":"","meta":{"_acf_changed":false},"product_brand":[],"product_cat":[4595,4767,1584],"product_tag":[],"class_list":{"0":"post-43729","1":"product","2":"type-product","3":"status-publish","4":"has-post-thumbnail","6":"product_cat-appareils-epilation","7":"product_cat-beaute","8":"product_cat-depilation","10":"first","11":"instock","12":"taxable","13":"shipping-taxable","14":"product-type-simple"},"acf":[],"_links":{"self":[{"href":"https:\/\/sundar.be\/fr\/wp-json\/wp\/v2\/product\/43729","targetHints":{"allow":["GET"]}}],"collection":[{"href":"https:\/\/sundar.be\/fr\/wp-json\/wp\/v2\/product"}],"about":[{"href":"https:\/\/sundar.be\/fr\/wp-json\/wp\/v2\/types\/product"}],"replies":[{"embeddable":true,"href":"https:\/\/sundar.be\/fr\/wp-json\/wp\/v2\/comments?post=43729"}],"wp:featuredmedia":[{"embeddable":true,"href":"https:\/\/sundar.be\/fr\/wp-json\/wp\/v2\/media\/43724"}],"wp:attachment":[{"href":"https:\/\/sundar.be\/fr\/wp-json\/wp\/v2\/media?parent=43729"}],"wp:term":[{"taxonomy":"product_brand","embeddable":true,"href":"https:\/\/sundar.be\/fr\/wp-json\/wp\/v2\/product_brand?post=43729"},{"taxonomy":"product_cat","embeddable":true,"href":"https:\/\/sundar.be\/fr\/wp-json\/wp\/v2\/product_cat?post=43729"},{"taxonomy":"product_tag","embeddable":true,"href":"https:\/\/sundar.be\/fr\/wp-json\/wp\/v2\/product_tag?post=43729"}],"curies":[{"name":"wp","href":"https:\/\/api.w.org\/{rel}","templated":true}]}}