{"id":43719,"date":"2024-10-09T14:03:31","date_gmt":"2024-10-09T12:03:31","guid":{"rendered":"https:\/\/sundar.be\/product\/clean-easy-dispositif-en-resine\/"},"modified":"2025-08-04T13:42:43","modified_gmt":"2025-08-04T11:42:43","slug":"clean-easy-dispositif-en-resine","status":"publish","type":"product","link":"https:\/\/sundar.be\/fr\/produit\/clean-easy-dispositif-en-resine\/","title":{"rendered":"Clean &amp; Easy Dispositif en r\u00e9sine"},"content":{"rendered":"<p>Le spa d&rsquo;\u00e9pilation \u00e0 la cire de Clean + Easy est un appareil en r\u00e9sine compact, de conception moderne, s\u00fbr et efficace.<\/p>\n<ul>\n<li>L&rsquo;appareil \u00e0 r\u00e9sine Waxing Spa est un chargeur frontal qui permet d&rsquo;accueillir 3 grandes recharges, 1 recharge moyenne et 2 petites recharges.<\/li>\n<li>Avec cet appareil, vous avez la possibilit\u00e9 de chauffer la r\u00e9sine afin d&rsquo;\u00e9piler l&rsquo;ensemble du corps.<\/li>\n<li>Livr\u00e9 sans marchandises.<\/li>\n<li>Au dos de l&rsquo;appareil, un espace est pr\u00e9vu pour ranger les bandes de papier\/coton ou pour pr\u00e9chauffer l\u00e9g\u00e8rement les recharges.<\/li>\n<\/ul>\n","protected":false},"excerpt":{"rendered":"<p>Le spa d&rsquo;\u00e9pilation \u00e0 la cire de Clean + Easy est un appareil en r\u00e9sine compact, de conception moderne, s\u00fbr et efficace. L&rsquo;appareil \u00e0 r\u00e9sine Waxing Spa est un chargeur frontal qui permet d&rsquo;accueillir 3 grandes recharges, 1 recharge moyenne et 2 petites recharges. Avec cet appareil, vous avez la possibilit\u00e9 de chauffer la r\u00e9sine [&hellip;]<\/p>\n","protected":false},"featured_media":43717,"comment_status":"open","ping_status":"closed","template":"","meta":{"_acf_changed":false},"product_brand":[],"product_cat":[4595,4767,1584],"product_tag":[],"class_list":{"0":"post-43719","1":"product","2":"type-product","3":"status-publish","4":"has-post-thumbnail","6":"product_cat-appareils-epilation","7":"product_cat-beaute","8":"product_cat-depilation","10":"first","11":"instock","12":"taxable","13":"shipping-taxable","14":"product-type-simple"},"acf":[],"_links":{"self":[{"href":"https:\/\/sundar.be\/fr\/wp-json\/wp\/v2\/product\/43719","targetHints":{"allow":["GET"]}}],"collection":[{"href":"https:\/\/sundar.be\/fr\/wp-json\/wp\/v2\/product"}],"about":[{"href":"https:\/\/sundar.be\/fr\/wp-json\/wp\/v2\/types\/product"}],"replies":[{"embeddable":true,"href":"https:\/\/sundar.be\/fr\/wp-json\/wp\/v2\/comments?post=43719"}],"wp:featuredmedia":[{"embeddable":true,"href":"https:\/\/sundar.be\/fr\/wp-json\/wp\/v2\/media\/43717"}],"wp:attachment":[{"href":"https:\/\/sundar.be\/fr\/wp-json\/wp\/v2\/media?parent=43719"}],"wp:term":[{"taxonomy":"product_brand","embeddable":true,"href":"https:\/\/sundar.be\/fr\/wp-json\/wp\/v2\/product_brand?post=43719"},{"taxonomy":"product_cat","embeddable":true,"href":"https:\/\/sundar.be\/fr\/wp-json\/wp\/v2\/product_cat?post=43719"},{"taxonomy":"product_tag","embeddable":true,"href":"https:\/\/sundar.be\/fr\/wp-json\/wp\/v2\/product_tag?post=43719"}],"curies":[{"name":"wp","href":"https:\/\/api.w.org\/{rel}","templated":true}]}}