{"id":43718,"date":"2024-10-09T13:59:41","date_gmt":"2024-10-09T11:59:41","guid":{"rendered":"https:\/\/sundar.be\/product\/dispositif-a-triple-resine\/"},"modified":"2025-08-04T13:42:46","modified_gmt":"2025-08-04T11:42:46","slug":"dispositif-a-triple-resine","status":"publish","type":"product","link":"https:\/\/sundar.be\/fr\/produit\/dispositif-a-triple-resine\/","title":{"rendered":"Dispositif \u00e0 triple r\u00e9sine"},"content":{"rendered":"<p><strong>Ce dispositif est tr\u00e8s durable et facile \u00e0 utiliser.<\/strong><\/p>\n<ul>\n<li>Le r\u00e9chauffeur de r\u00e9sine permet de chauffer simultan\u00e9ment 3 cartouches de r\u00e9sine de 100 ml, de sorte que vous pouvez toujours travailler avec une mono-unit\u00e9 pendant que la r\u00e9sine est chauff\u00e9e dans les deux autres.<\/li>\n<li>La conception sp\u00e9ciale \u00e0 trois volets de l&rsquo;\u00e9pilateur vous permet, ainsi qu&rsquo;\u00e0 trois personnes, de travailler en m\u00eame temps.<\/li>\n<li>Gr\u00e2ce \u00e0 leur design moderne, les radiateurs en r\u00e9sine monoblocs raccord\u00e9s \u00e0 l&rsquo;appareil tiennent bien dans la main.<\/li>\n<li>Vous pouvez facilement v\u00e9rifier la quantit\u00e9 de mat\u00e9riau \u00e0 l&rsquo;aide des fen\u00eatres de contr\u00f4le du niveau de r\u00e9sine sur chaque unit\u00e9 de chauffage de la r\u00e9sine.<\/li>\n<li>\n<div class=\"single-product-overview-details__product-tab-text single-product-overview-details__product-tab-text--is-active\" data-tab=\"description\">\n<div class=\"single-product-overview-details__product-tab-text-description\">Un thermostat int\u00e9gr\u00e9 assure une temp\u00e9rature uniforme de la r\u00e9sine.<\/div>\n<\/div>\n<\/li>\n<\/ul>\n","protected":false},"excerpt":{"rendered":"<p>Chauffage \u00e0 triple r\u00e9sine<\/p>\n","protected":false},"featured_media":43711,"comment_status":"open","ping_status":"closed","template":"","meta":{"_acf_changed":false},"product_brand":[],"product_cat":[4595,4767,1584],"product_tag":[],"class_list":{"0":"post-43718","1":"product","2":"type-product","3":"status-publish","4":"has-post-thumbnail","6":"product_cat-appareils-epilation","7":"product_cat-beaute","8":"product_cat-depilation","10":"first","11":"instock","12":"taxable","13":"shipping-taxable","14":"product-type-simple"},"acf":[],"_links":{"self":[{"href":"https:\/\/sundar.be\/fr\/wp-json\/wp\/v2\/product\/43718","targetHints":{"allow":["GET"]}}],"collection":[{"href":"https:\/\/sundar.be\/fr\/wp-json\/wp\/v2\/product"}],"about":[{"href":"https:\/\/sundar.be\/fr\/wp-json\/wp\/v2\/types\/product"}],"replies":[{"embeddable":true,"href":"https:\/\/sundar.be\/fr\/wp-json\/wp\/v2\/comments?post=43718"}],"wp:featuredmedia":[{"embeddable":true,"href":"https:\/\/sundar.be\/fr\/wp-json\/wp\/v2\/media\/43711"}],"wp:attachment":[{"href":"https:\/\/sundar.be\/fr\/wp-json\/wp\/v2\/media?parent=43718"}],"wp:term":[{"taxonomy":"product_brand","embeddable":true,"href":"https:\/\/sundar.be\/fr\/wp-json\/wp\/v2\/product_brand?post=43718"},{"taxonomy":"product_cat","embeddable":true,"href":"https:\/\/sundar.be\/fr\/wp-json\/wp\/v2\/product_cat?post=43718"},{"taxonomy":"product_tag","embeddable":true,"href":"https:\/\/sundar.be\/fr\/wp-json\/wp\/v2\/product_tag?post=43718"}],"curies":[{"name":"wp","href":"https:\/\/api.w.org\/{rel}","templated":true}]}}