{"id":43712,"date":"2024-10-09T13:56:38","date_gmt":"2024-10-09T11:56:38","guid":{"rendered":"https:\/\/sundar.be\/product\/baehr-aloe-vera-gel-500-ml\/"},"modified":"2025-12-03T10:08:26","modified_gmt":"2025-12-03T09:08:26","slug":"baehr-aloe-vera-gel-500-ml","status":"publish","type":"product","link":"https:\/\/sundar.be\/fr\/produit\/baehr-aloe-vera-gel-500-ml\/","title":{"rendered":"BAEHR Aloe Vera Gel, 500 ml"},"content":{"rendered":"<p><span style=\"color: #557e96;\"><strong>BAEHR Aloe Vera Gel <\/strong><\/span>est un gel rafra\u00eechissant, apaisant et r\u00e9parateur qui calme et hydrate imm\u00e9diatement la peau. Gr\u00e2ce \u00e0 la combinaison d\u2019aloe vera, de panth\u00e9nol et d\u2019allanto\u00efne, les rougeurs sont att\u00e9nu\u00e9es, les irritations diminuent et la peau est intens\u00e9ment soign\u00e9e apr\u00e8s l\u2019\u00e9pilation, l\u2019exposition au soleil ou d\u2019autres facteurs de stress. Sa texture l\u00e9g\u00e8re p\u00e9n\u00e8tre rapidement sans laisser de film collant, laissant la peau fra\u00eeche et confortable.  <\/p>\n","protected":false},"excerpt":{"rendered":"<p>Ce gel rafra\u00eechissant \u00e0 base d\u2019aloe vera, de panth\u00e9nol et d\u2019allanto\u00efne hydrate et apaise instantan\u00e9ment la peau. Id\u00e9al apr\u00e8s l\u2019\u00e9pilation, une exposition au soleil ou en cas d\u2019irritations cutan\u00e9es. <\/p>\n","protected":false},"featured_media":43705,"comment_status":"open","ping_status":"closed","template":"","meta":{"_acf_changed":false},"product_brand":[],"product_cat":[4974,4767,1584,4972,5243],"product_tag":[],"class_list":{"0":"post-43712","1":"product","2":"type-product","3":"status-publish","4":"has-post-thumbnail","6":"product_cat-baehr-fr","7":"product_cat-beaute","8":"product_cat-depilation","9":"product_cat-nos-marques","10":"product_cat-soin-pres-post-epilation","12":"first","13":"instock","14":"taxable","15":"shipping-taxable","16":"product-type-simple"},"acf":[],"_links":{"self":[{"href":"https:\/\/sundar.be\/fr\/wp-json\/wp\/v2\/product\/43712","targetHints":{"allow":["GET"]}}],"collection":[{"href":"https:\/\/sundar.be\/fr\/wp-json\/wp\/v2\/product"}],"about":[{"href":"https:\/\/sundar.be\/fr\/wp-json\/wp\/v2\/types\/product"}],"replies":[{"embeddable":true,"href":"https:\/\/sundar.be\/fr\/wp-json\/wp\/v2\/comments?post=43712"}],"wp:featuredmedia":[{"embeddable":true,"href":"https:\/\/sundar.be\/fr\/wp-json\/wp\/v2\/media\/43705"}],"wp:attachment":[{"href":"https:\/\/sundar.be\/fr\/wp-json\/wp\/v2\/media?parent=43712"}],"wp:term":[{"taxonomy":"product_brand","embeddable":true,"href":"https:\/\/sundar.be\/fr\/wp-json\/wp\/v2\/product_brand?post=43712"},{"taxonomy":"product_cat","embeddable":true,"href":"https:\/\/sundar.be\/fr\/wp-json\/wp\/v2\/product_cat?post=43712"},{"taxonomy":"product_tag","embeddable":true,"href":"https:\/\/sundar.be\/fr\/wp-json\/wp\/v2\/product_tag?post=43712"}],"curies":[{"name":"wp","href":"https:\/\/api.w.org\/{rel}","templated":true}]}}