{"id":43698,"date":"2024-10-09T13:49:37","date_gmt":"2024-10-09T11:49:37","guid":{"rendered":"https:\/\/sundar.be\/product\/depil-ok-harspatroon-azul-100ml\/"},"modified":"2025-08-04T13:41:17","modified_gmt":"2025-08-04T11:41:17","slug":"depil-ok-harspatroon-azul-100ml","status":"publish","type":"product","link":"https:\/\/sundar.be\/fr\/produit\/depil-ok-harspatroon-azul-100ml\/","title":{"rendered":"Depil Ok Harspatroon Azul, 100ml"},"content":{"rendered":"<p>Favorise la cicatrisation de la peau apr\u00e8s l&rsquo;\u00e9pilation, prot\u00e8ge, est anti-inflammatoire et favorise la circulation. La r\u00e9sine d&rsquo;azul\u00e8ne est id\u00e9ale pour les peaux sensibles ; elle les apaise, les adoucit et les rend plus r\u00e9sistantes et plus saines. <\/p>\n","protected":false},"excerpt":{"rendered":"<p>Cartouche de r\u00e9sine pour les peaux sensibles.<\/p>\n","protected":false},"featured_media":43690,"comment_status":"open","ping_status":"closed","template":"","meta":{"_acf_changed":false},"product_brand":[],"product_cat":[4767,4600,1584,5720],"product_tag":[],"class_list":{"0":"post-43698","1":"product","2":"type-product","3":"status-publish","4":"has-post-thumbnail","6":"product_cat-beaute","7":"product_cat-cartouches-de-cire","8":"product_cat-depilation","9":"product_cat-epilation-resine-sucre","11":"first","12":"instock","13":"taxable","14":"shipping-taxable","15":"product-type-simple"},"acf":[],"_links":{"self":[{"href":"https:\/\/sundar.be\/fr\/wp-json\/wp\/v2\/product\/43698","targetHints":{"allow":["GET"]}}],"collection":[{"href":"https:\/\/sundar.be\/fr\/wp-json\/wp\/v2\/product"}],"about":[{"href":"https:\/\/sundar.be\/fr\/wp-json\/wp\/v2\/types\/product"}],"replies":[{"embeddable":true,"href":"https:\/\/sundar.be\/fr\/wp-json\/wp\/v2\/comments?post=43698"}],"wp:featuredmedia":[{"embeddable":true,"href":"https:\/\/sundar.be\/fr\/wp-json\/wp\/v2\/media\/43690"}],"wp:attachment":[{"href":"https:\/\/sundar.be\/fr\/wp-json\/wp\/v2\/media?parent=43698"}],"wp:term":[{"taxonomy":"product_brand","embeddable":true,"href":"https:\/\/sundar.be\/fr\/wp-json\/wp\/v2\/product_brand?post=43698"},{"taxonomy":"product_cat","embeddable":true,"href":"https:\/\/sundar.be\/fr\/wp-json\/wp\/v2\/product_cat?post=43698"},{"taxonomy":"product_tag","embeddable":true,"href":"https:\/\/sundar.be\/fr\/wp-json\/wp\/v2\/product_tag?post=43698"}],"curies":[{"name":"wp","href":"https:\/\/api.w.org\/{rel}","templated":true}]}}