{"id":43691,"date":"2024-10-09T13:43:59","date_gmt":"2024-10-09T11:43:59","guid":{"rendered":"https:\/\/sundar.be\/product\/depil-ok-harspatroon-natural-100-ml\/"},"modified":"2025-08-04T13:41:14","modified_gmt":"2025-08-04T11:41:14","slug":"depil-ok-harspatroon-natural-100-ml","status":"publish","type":"product","link":"https:\/\/sundar.be\/fr\/produit\/depil-ok-harspatroon-natural-100-ml\/","title":{"rendered":"Depil Ok Harspatroon Natural, 100 ml"},"content":{"rendered":"<p>La cartouche de cire Depil-OK convient aux peaux normales. Elle convient \u00e0 l&rsquo;\u00e9pilation de grandes surfaces. La r\u00e9sine naturelle est inodore. Convient \u00e0 de nombreux syst\u00e8mes d&rsquo;\u00e9pilation \u00e0 la cire   <\/p>\n<p>&nbsp;<\/p>\n","protected":false},"excerpt":{"rendered":"<p>La cartouche en r\u00e9sine est dot\u00e9e d&rsquo;une grande t\u00eate de rouleau pratique. Id\u00e9ale pour l&rsquo;\u00e9pilation de zones plus \u00e9tendues telles que les jambes, les bras, l&rsquo;abdomen et le dos. <\/p>\n","protected":false},"featured_media":43683,"comment_status":"open","ping_status":"closed","template":"","meta":{"_acf_changed":false},"product_brand":[],"product_cat":[4767,4600,1584,5720],"product_tag":[],"class_list":{"0":"post-43691","1":"product","2":"type-product","3":"status-publish","4":"has-post-thumbnail","6":"product_cat-beaute","7":"product_cat-cartouches-de-cire","8":"product_cat-depilation","9":"product_cat-epilation-resine-sucre","11":"first","12":"instock","13":"taxable","14":"shipping-taxable","15":"product-type-simple"},"acf":[],"_links":{"self":[{"href":"https:\/\/sundar.be\/fr\/wp-json\/wp\/v2\/product\/43691","targetHints":{"allow":["GET"]}}],"collection":[{"href":"https:\/\/sundar.be\/fr\/wp-json\/wp\/v2\/product"}],"about":[{"href":"https:\/\/sundar.be\/fr\/wp-json\/wp\/v2\/types\/product"}],"replies":[{"embeddable":true,"href":"https:\/\/sundar.be\/fr\/wp-json\/wp\/v2\/comments?post=43691"}],"wp:featuredmedia":[{"embeddable":true,"href":"https:\/\/sundar.be\/fr\/wp-json\/wp\/v2\/media\/43683"}],"wp:attachment":[{"href":"https:\/\/sundar.be\/fr\/wp-json\/wp\/v2\/media?parent=43691"}],"wp:term":[{"taxonomy":"product_brand","embeddable":true,"href":"https:\/\/sundar.be\/fr\/wp-json\/wp\/v2\/product_brand?post=43691"},{"taxonomy":"product_cat","embeddable":true,"href":"https:\/\/sundar.be\/fr\/wp-json\/wp\/v2\/product_cat?post=43691"},{"taxonomy":"product_tag","embeddable":true,"href":"https:\/\/sundar.be\/fr\/wp-json\/wp\/v2\/product_tag?post=43691"}],"curies":[{"name":"wp","href":"https:\/\/api.w.org\/{rel}","templated":true}]}}