{"id":43669,"date":"2024-10-09T13:28:24","date_gmt":"2024-10-09T11:28:24","guid":{"rendered":"https:\/\/sundar.be\/product\/depil-ok-natural-disques-en-resine-1000g\/"},"modified":"2025-08-04T13:45:24","modified_gmt":"2025-08-04T11:45:24","slug":"depil-ok-natural-disques-en-resine-1000g","status":"publish","type":"product","link":"https:\/\/sundar.be\/fr\/produit\/depil-ok-natural-disques-en-resine-1000g\/","title":{"rendered":"Depil Ok Natural Disques en r\u00e9sine, 1000g"},"content":{"rendered":"<p>Les blocs de cire dure naturelle contiennent du dioxyde de titane, qui conf\u00e8re \u00e0 la p\u00e2te caract\u00e9ristique ses propri\u00e9t\u00e9s \u00e9lastiques. Les blocs de r\u00e9sine naturelle peuvent \u00eatre utilis\u00e9s sans bandes de r\u00e9sine. <\/p>\n","protected":false},"excerpt":{"rendered":"<p>R\u00e9sine en film pour tous les types de peau.<\/p>\n","protected":false},"featured_media":43663,"comment_status":"open","ping_status":"closed","template":"","meta":{"_acf_changed":false},"product_brand":[],"product_cat":[4767,5731,1584,5720],"product_tag":[],"class_list":{"0":"post-43669","1":"product","2":"type-product","3":"status-publish","4":"has-post-thumbnail","6":"product_cat-beaute","7":"product_cat-blocs-de-cire","8":"product_cat-depilation","9":"product_cat-epilation-resine-sucre","11":"first","12":"instock","13":"taxable","14":"shipping-taxable","15":"product-type-simple"},"acf":[],"_links":{"self":[{"href":"https:\/\/sundar.be\/fr\/wp-json\/wp\/v2\/product\/43669","targetHints":{"allow":["GET"]}}],"collection":[{"href":"https:\/\/sundar.be\/fr\/wp-json\/wp\/v2\/product"}],"about":[{"href":"https:\/\/sundar.be\/fr\/wp-json\/wp\/v2\/types\/product"}],"replies":[{"embeddable":true,"href":"https:\/\/sundar.be\/fr\/wp-json\/wp\/v2\/comments?post=43669"}],"wp:featuredmedia":[{"embeddable":true,"href":"https:\/\/sundar.be\/fr\/wp-json\/wp\/v2\/media\/43663"}],"wp:attachment":[{"href":"https:\/\/sundar.be\/fr\/wp-json\/wp\/v2\/media?parent=43669"}],"wp:term":[{"taxonomy":"product_brand","embeddable":true,"href":"https:\/\/sundar.be\/fr\/wp-json\/wp\/v2\/product_brand?post=43669"},{"taxonomy":"product_cat","embeddable":true,"href":"https:\/\/sundar.be\/fr\/wp-json\/wp\/v2\/product_cat?post=43669"},{"taxonomy":"product_tag","embeddable":true,"href":"https:\/\/sundar.be\/fr\/wp-json\/wp\/v2\/product_tag?post=43669"}],"curies":[{"name":"wp","href":"https:\/\/api.w.org\/{rel}","templated":true}]}}