{"id":43664,"date":"2024-10-09T13:24:51","date_gmt":"2024-10-09T11:24:51","guid":{"rendered":"https:\/\/sundar.be\/product\/depil-ok-disques-de-resine-dazulene-1000g\/"},"modified":"2025-08-04T13:45:40","modified_gmt":"2025-08-04T11:45:40","slug":"depil-ok-disques-de-resine-dazulene-1000g","status":"publish","type":"product","link":"https:\/\/sundar.be\/fr\/produit\/depil-ok-disques-de-resine-dazulene-1000g\/","title":{"rendered":"Depil Ok Disques de r\u00e9sine d&rsquo;azul\u00e8ne, 1000g"},"content":{"rendered":"<p>Les blocs de cire dure \u00e0 l&rsquo;azul\u00e8ne contiennent du dioxyde de titane, qui conf\u00e8re \u00e0 la p\u00e2te caract\u00e9ristique ses propri\u00e9t\u00e9s \u00e9lastiques. Les blocs de r\u00e9sine Natural peuvent \u00eatre utilis\u00e9s sans bandes de r\u00e9sine. <\/p>\n","protected":false},"excerpt":{"rendered":"<p>Les blocs de cire dure \u00e0 l&rsquo;azul\u00e8ne contiennent du dioxyde de titane, qui conf\u00e8re \u00e0 la p\u00e2te caract\u00e9ristique ses propri\u00e9t\u00e9s \u00e9lastiques. Les blocs de r\u00e9sine Natural peuvent \u00eatre utilis\u00e9s sans bandes de r\u00e9sine.<\/p>\n","protected":false},"featured_media":43658,"comment_status":"open","ping_status":"closed","template":"","meta":{"_acf_changed":false},"product_brand":[],"product_cat":[4767,5731,1584,5720],"product_tag":[],"class_list":{"0":"post-43664","1":"product","2":"type-product","3":"status-publish","4":"has-post-thumbnail","6":"product_cat-beaute","7":"product_cat-blocs-de-cire","8":"product_cat-depilation","9":"product_cat-epilation-resine-sucre","11":"first","12":"instock","13":"taxable","14":"shipping-taxable","15":"product-type-simple"},"acf":[],"_links":{"self":[{"href":"https:\/\/sundar.be\/fr\/wp-json\/wp\/v2\/product\/43664","targetHints":{"allow":["GET"]}}],"collection":[{"href":"https:\/\/sundar.be\/fr\/wp-json\/wp\/v2\/product"}],"about":[{"href":"https:\/\/sundar.be\/fr\/wp-json\/wp\/v2\/types\/product"}],"replies":[{"embeddable":true,"href":"https:\/\/sundar.be\/fr\/wp-json\/wp\/v2\/comments?post=43664"}],"wp:featuredmedia":[{"embeddable":true,"href":"https:\/\/sundar.be\/fr\/wp-json\/wp\/v2\/media\/43658"}],"wp:attachment":[{"href":"https:\/\/sundar.be\/fr\/wp-json\/wp\/v2\/media?parent=43664"}],"wp:term":[{"taxonomy":"product_brand","embeddable":true,"href":"https:\/\/sundar.be\/fr\/wp-json\/wp\/v2\/product_brand?post=43664"},{"taxonomy":"product_cat","embeddable":true,"href":"https:\/\/sundar.be\/fr\/wp-json\/wp\/v2\/product_cat?post=43664"},{"taxonomy":"product_tag","embeddable":true,"href":"https:\/\/sundar.be\/fr\/wp-json\/wp\/v2\/product_tag?post=43664"}],"curies":[{"name":"wp","href":"https:\/\/api.w.org\/{rel}","templated":true}]}}