{"id":43652,"date":"2024-10-09T13:16:22","date_gmt":"2024-10-09T11:16:22","guid":{"rendered":"https:\/\/sundar.be\/product\/dispositif-a-double-resine-duo\/"},"modified":"2025-08-04T13:45:21","modified_gmt":"2025-08-04T11:45:21","slug":"dispositif-a-double-resine-duo","status":"publish","type":"product","link":"https:\/\/sundar.be\/fr\/produit\/dispositif-a-double-resine-duo\/","title":{"rendered":"Dispositif \u00e0 double r\u00e9sine Duo"},"content":{"rendered":"<div class=\"single-product-overview-details__product-tab-text single-product-overview-details__product-tab-text--is-active\" data-tab=\"description\">\n<div class=\"single-product-overview-details__product-tab-text-description\">Cet \u00e9quipement est tr\u00e8s durable et facile \u00e0 utiliser. Vous pouvez utiliser les supports faciles \u00e0 saisir sans fil. Les appareils sont tr\u00e8s faciles \u00e0 entretenir, ce qui prolonge leur dur\u00e9e de vie.  <\/div>\n<\/div>\n","protected":false},"excerpt":{"rendered":"<p>Dispositif de r\u00e9sine pour chauffer 2 catridges.<\/p>\n","protected":false},"featured_media":43648,"comment_status":"open","ping_status":"closed","template":"","meta":{"_acf_changed":false},"product_brand":[],"product_cat":[4595,4767,1584],"product_tag":[],"class_list":{"0":"post-43652","1":"product","2":"type-product","3":"status-publish","4":"has-post-thumbnail","6":"product_cat-appareils-epilation","7":"product_cat-beaute","8":"product_cat-depilation","10":"first","11":"instock","12":"taxable","13":"shipping-taxable","14":"product-type-simple"},"acf":[],"_links":{"self":[{"href":"https:\/\/sundar.be\/fr\/wp-json\/wp\/v2\/product\/43652","targetHints":{"allow":["GET"]}}],"collection":[{"href":"https:\/\/sundar.be\/fr\/wp-json\/wp\/v2\/product"}],"about":[{"href":"https:\/\/sundar.be\/fr\/wp-json\/wp\/v2\/types\/product"}],"replies":[{"embeddable":true,"href":"https:\/\/sundar.be\/fr\/wp-json\/wp\/v2\/comments?post=43652"}],"wp:featuredmedia":[{"embeddable":true,"href":"https:\/\/sundar.be\/fr\/wp-json\/wp\/v2\/media\/43648"}],"wp:attachment":[{"href":"https:\/\/sundar.be\/fr\/wp-json\/wp\/v2\/media?parent=43652"}],"wp:term":[{"taxonomy":"product_brand","embeddable":true,"href":"https:\/\/sundar.be\/fr\/wp-json\/wp\/v2\/product_brand?post=43652"},{"taxonomy":"product_cat","embeddable":true,"href":"https:\/\/sundar.be\/fr\/wp-json\/wp\/v2\/product_cat?post=43652"},{"taxonomy":"product_tag","embeddable":true,"href":"https:\/\/sundar.be\/fr\/wp-json\/wp\/v2\/product_tag?post=43652"}],"curies":[{"name":"wp","href":"https:\/\/api.w.org\/{rel}","templated":true}]}}