{"id":43649,"date":"2024-10-09T13:14:55","date_gmt":"2024-10-09T11:14:55","guid":{"rendered":"https:\/\/sundar.be\/product\/clean-easy-waxing-spa-roll-on-systeem-complete\/"},"modified":"2025-08-04T13:45:18","modified_gmt":"2025-08-04T11:45:18","slug":"clean-easy-waxing-spa-roll-on-systeem-complete","status":"publish","type":"product","link":"https:\/\/sundar.be\/fr\/produit\/clean-easy-waxing-spa-roll-on-systeem-complete\/","title":{"rendered":"Clean &amp; Easy Waxing Spa Roll-On Systeem compl\u00e8te"},"content":{"rendered":"<p>Il s&rsquo;agit d&rsquo;un \u00ab Starter Pack \u00bb id\u00e9al, enti\u00e8rement \u00e9quip\u00e9 de tous les produits dont vous avez besoin pour commencer tout de suite ! L&rsquo;appareil Waxing Spa resin est un appareil \u00e0 chargement frontal qui offre de la place pour 3 grandes recharges, 1 recharge moyenne et 2 petites recharges. A l&rsquo;arri\u00e8re de l&rsquo;appareil se trouvent des compartiments pour ranger les bandes de papier\/coton ou pour pr\u00e9chauffer l\u00e9g\u00e8rement les recharges.  <\/p>\n<h2>Contenu<\/h2>\n<ul class=\"a-unordered-list a-vertical a-spacing-mini\">\n<li><span class=\"a-list-item\">1 x<a href=\"https:\/\/sundar.be\/produit\/clean-easy-roll-on-wax-sensitive\/?lang=fr\"><strong> Roll-On Wax Sensitive<\/strong><\/a> &#8211; Recharge large<\/span><\/li>\n<li><span class=\"a-list-item\">3 x <a href=\"https:\/\/sundar.be\/produit\/clean-easy-roll-on-wax-miel\/?lang=fr\"><strong>Roll-On Wax Honing<\/strong><\/a> &#8211; Recharge large<\/span><\/li>\n<li><span class=\"a-list-item\">1 x <a href=\"https:\/\/sundar.be\/produit\/clean-easy-roll-on-wax-miel\/?lang=fr\"><strong>Roll-On Wax Honing<\/strong><\/a> &#8211; Recharge medium<\/span><\/li>\n<li><span class=\"a-list-item\">2 x <a href=\"https:\/\/sundar.be\/produit\/clean-easy-roll-on-wax-miel\/?lang=fr\"><strong>Roll-On Wax Honing<\/strong><\/a> &#8211; Recharge small<\/span><\/li>\n<li><span class=\"a-list-item\">50 x Cloth strips large <\/span><\/li>\n<li><span class=\"a-list-item\">50 x Cloth Strips medium <\/span><\/li>\n<li><span class=\"a-list-item\">50 x Cloth Strips small <\/span><\/li>\n<li><span class=\"a-list-item\">1 x <a href=\"https:\/\/sundar.be\/produit\/clean-easy-restore-cream-473-ml\/?lang=fr\"><strong>Restore Cream<\/strong><\/a>, 473 ml <\/span><\/li>\n<li><span class=\"a-list-item\">1 x <a href=\"https:\/\/sundar.be\/produit\/clean-easy-pre-wax-cleanser-473ml\/?lang=fr\"><strong>Pre-Wax Cleanser<\/strong><\/a>, 473 ml<\/span><\/li>\n<li><span class=\"a-list-item\">1 x <a href=\"https:\/\/sundar.be\/produit\/clean-easy-remove-after-waxing-473-ml\/?lang=fr\"><strong>Remove After Waxing<\/strong><\/a>, 473 ml <\/span><\/li>\n<li><span class=\"a-list-item\">1 x <a href=\"https:\/\/sundar.be\/produit\/clean-easy-aloe-vera-gel-475-ml\/?lang=fr\"><strong>Aloe Vera Soothing Gel<\/strong><\/a>, 473 ml <\/span><\/li>\n<li><span class=\"a-list-item\">3 x <a href=\"https:\/\/sundar.be\/produit\/clean-easy-rouleau-de-resine\/?lang=fr\">Rollers<\/a> &#8211; Large<\/span><\/li>\n<li><span class=\"a-list-item\">1 x <a href=\"https:\/\/sundar.be\/produit\/clean-easy-rouleau-de-resine\/?lang=fr\">Rollers<\/a> &#8211; Medium<\/span><\/li>\n<li><span class=\"a-list-item\">1 x <a href=\"https:\/\/sundar.be\/produit\/clean-easy-rouleau-de-resine\/?lang=fr\">Rollers<\/a> &#8211; Small<\/span><\/li>\n<li><span class=\"a-list-item\">1 x <a href=\"https:\/\/sundar.be\/produit\/clean-easy-rouleau-de-resine\/?lang=fr\">Rollers<\/a> &#8211; Fine<\/span><\/li>\n<\/ul>\n","protected":false},"excerpt":{"rendered":"<p><span class=\"a-list-item\">Offrez \u00e0 vos clients ou \u00e0 vous-m\u00eame une exp\u00e9rience compl\u00e8te de l&rsquo;\u00e9pilation \u00e0 la cire avec un seul kit complet. Assurez-vous de pouvoir r\u00e9aliser une s\u00e9ance d&rsquo;\u00e9pilation efficace, avant, pendant et apr\u00e8s l&rsquo;\u00e9pilation, avec suffisamment de fournitures pour ne pas en manquer rapidement.  <\/span><\/p>\n","protected":false},"featured_media":43644,"comment_status":"open","ping_status":"closed","template":"","meta":{"_acf_changed":false},"product_brand":[],"product_cat":[4767,1584,5734],"product_tag":[],"class_list":{"0":"post-43649","1":"product","2":"type-product","3":"status-publish","4":"has-post-thumbnail","6":"product_cat-beaute","7":"product_cat-depilation","8":"product_cat-kits-demarrage-epilation","10":"first","11":"instock","12":"taxable","13":"shipping-taxable","14":"product-type-simple"},"acf":[],"_links":{"self":[{"href":"https:\/\/sundar.be\/fr\/wp-json\/wp\/v2\/product\/43649","targetHints":{"allow":["GET"]}}],"collection":[{"href":"https:\/\/sundar.be\/fr\/wp-json\/wp\/v2\/product"}],"about":[{"href":"https:\/\/sundar.be\/fr\/wp-json\/wp\/v2\/types\/product"}],"replies":[{"embeddable":true,"href":"https:\/\/sundar.be\/fr\/wp-json\/wp\/v2\/comments?post=43649"}],"wp:featuredmedia":[{"embeddable":true,"href":"https:\/\/sundar.be\/fr\/wp-json\/wp\/v2\/media\/43644"}],"wp:attachment":[{"href":"https:\/\/sundar.be\/fr\/wp-json\/wp\/v2\/media?parent=43649"}],"wp:term":[{"taxonomy":"product_brand","embeddable":true,"href":"https:\/\/sundar.be\/fr\/wp-json\/wp\/v2\/product_brand?post=43649"},{"taxonomy":"product_cat","embeddable":true,"href":"https:\/\/sundar.be\/fr\/wp-json\/wp\/v2\/product_cat?post=43649"},{"taxonomy":"product_tag","embeddable":true,"href":"https:\/\/sundar.be\/fr\/wp-json\/wp\/v2\/product_tag?post=43649"}],"curies":[{"name":"wp","href":"https:\/\/api.w.org\/{rel}","templated":true}]}}