{"id":43639,"date":"2024-10-09T13:02:17","date_gmt":"2024-10-09T11:02:17","guid":{"rendered":"https:\/\/sundar.be\/product\/clean-easy-roll-on-wax-sensitive\/"},"modified":"2025-08-04T13:44:47","modified_gmt":"2025-08-04T11:44:47","slug":"clean-easy-roll-on-wax-sensitive","status":"publish","type":"product","link":"https:\/\/sundar.be\/fr\/produit\/clean-easy-roll-on-wax-sensitive\/","title":{"rendered":"Clean &amp; Easy Roll-On Wax Sensitive"},"content":{"rendered":"<p>Cire \u00e0 base d&rsquo;azul\u00e8ne, anti-inflammatoire, destin\u00e9e aux peaux sensibles.<\/p>\n","protected":false},"excerpt":{"rendered":"<p>Recharge pour cartouches en r\u00e9sine sensible.<\/p>\n","protected":false},"featured_media":43626,"comment_status":"open","ping_status":"closed","template":"","meta":{"_acf_changed":false},"product_brand":[],"product_cat":[4767,4600,1584,5720],"product_tag":[],"class_list":{"0":"post-43639","1":"product","2":"type-product","3":"status-publish","4":"has-post-thumbnail","6":"product_cat-beaute","7":"product_cat-cartouches-de-cire","8":"product_cat-depilation","9":"product_cat-epilation-resine-sucre","10":"pa_inhoud-large-fr","11":"pa_inhoud-large-12-pieces","12":"pa_inhoud-medium-fr","13":"pa_inhoud-medium-3-pieces","14":"pa_inhoud-small-fr","15":"pa_inhoud-small-3-pieces","17":"first","18":"instock","19":"taxable","20":"shipping-taxable","21":"product-type-variable"},"acf":[],"_links":{"self":[{"href":"https:\/\/sundar.be\/fr\/wp-json\/wp\/v2\/product\/43639","targetHints":{"allow":["GET"]}}],"collection":[{"href":"https:\/\/sundar.be\/fr\/wp-json\/wp\/v2\/product"}],"about":[{"href":"https:\/\/sundar.be\/fr\/wp-json\/wp\/v2\/types\/product"}],"replies":[{"embeddable":true,"href":"https:\/\/sundar.be\/fr\/wp-json\/wp\/v2\/comments?post=43639"}],"wp:featuredmedia":[{"embeddable":true,"href":"https:\/\/sundar.be\/fr\/wp-json\/wp\/v2\/media\/43626"}],"wp:attachment":[{"href":"https:\/\/sundar.be\/fr\/wp-json\/wp\/v2\/media?parent=43639"}],"wp:term":[{"taxonomy":"product_brand","embeddable":true,"href":"https:\/\/sundar.be\/fr\/wp-json\/wp\/v2\/product_brand?post=43639"},{"taxonomy":"product_cat","embeddable":true,"href":"https:\/\/sundar.be\/fr\/wp-json\/wp\/v2\/product_cat?post=43639"},{"taxonomy":"product_tag","embeddable":true,"href":"https:\/\/sundar.be\/fr\/wp-json\/wp\/v2\/product_tag?post=43639"}],"curies":[{"name":"wp","href":"https:\/\/api.w.org\/{rel}","templated":true}]}}