{"id":43637,"date":"2024-10-09T12:44:48","date_gmt":"2024-10-09T10:44:48","guid":{"rendered":"https:\/\/sundar.be\/product\/clean-easy-restore-cream-473-ml\/"},"modified":"2025-12-03T10:01:23","modified_gmt":"2025-12-03T09:01:23","slug":"clean-easy-restore-cream-473-ml","status":"publish","type":"product","link":"https:\/\/sundar.be\/fr\/produit\/clean-easy-restore-cream-473-ml\/","title":{"rendered":"Clean &amp; Easy Restore Cream, 473 ml"},"content":{"rendered":"<p><span style=\"color: #557e96;\"><strong>Clean &amp; Easy Restore Cream<\/strong><\/span> est une cr\u00e8me intens\u00e9ment apaisante et nourrissante qui calme imm\u00e9diatement la peau apr\u00e8s l\u2019\u00e9pilation. Sa formule riche, \u00e0 base de beurre de karit\u00e9, de squalane, d\u2019aloe vera et d\u2019huiles botaniques apaisantes, restaure la barri\u00e8re cutan\u00e9e, r\u00e9duit les rougeurs et aide \u00e0 att\u00e9nuer les irritations. La peau devient souple, confortable et soyeuse \u2014 id\u00e9ale pour les zones sensibles apr\u00e8s l\u2019\u00e9pilation.  <\/p>\n","protected":false},"excerpt":{"rendered":"<p>Cette cr\u00e8me r\u00e9paratrice adoucit et nourrit intens\u00e9ment la peau apr\u00e8s l\u2019\u00e9pilation gr\u00e2ce au beurre de karit\u00e9, au squalane et \u00e0 l\u2019aloe vera. La peau est apais\u00e9e, prot\u00e9g\u00e9e et reste confortable pendant longtemps. <\/p>\n","protected":false},"featured_media":43621,"comment_status":"open","ping_status":"closed","template":"","meta":{"_acf_changed":false},"product_brand":[],"product_cat":[4767,1584,5243],"product_tag":[],"class_list":{"0":"post-43637","1":"product","2":"type-product","3":"status-publish","4":"has-post-thumbnail","6":"product_cat-beaute","7":"product_cat-depilation","8":"product_cat-soin-pres-post-epilation","10":"first","11":"instock","12":"taxable","13":"shipping-taxable","14":"product-type-simple"},"acf":[],"_links":{"self":[{"href":"https:\/\/sundar.be\/fr\/wp-json\/wp\/v2\/product\/43637","targetHints":{"allow":["GET"]}}],"collection":[{"href":"https:\/\/sundar.be\/fr\/wp-json\/wp\/v2\/product"}],"about":[{"href":"https:\/\/sundar.be\/fr\/wp-json\/wp\/v2\/types\/product"}],"replies":[{"embeddable":true,"href":"https:\/\/sundar.be\/fr\/wp-json\/wp\/v2\/comments?post=43637"}],"wp:featuredmedia":[{"embeddable":true,"href":"https:\/\/sundar.be\/fr\/wp-json\/wp\/v2\/media\/43621"}],"wp:attachment":[{"href":"https:\/\/sundar.be\/fr\/wp-json\/wp\/v2\/media?parent=43637"}],"wp:term":[{"taxonomy":"product_brand","embeddable":true,"href":"https:\/\/sundar.be\/fr\/wp-json\/wp\/v2\/product_brand?post=43637"},{"taxonomy":"product_cat","embeddable":true,"href":"https:\/\/sundar.be\/fr\/wp-json\/wp\/v2\/product_cat?post=43637"},{"taxonomy":"product_tag","embeddable":true,"href":"https:\/\/sundar.be\/fr\/wp-json\/wp\/v2\/product_tag?post=43637"}],"curies":[{"name":"wp","href":"https:\/\/api.w.org\/{rel}","templated":true}]}}