{"id":43622,"date":"2024-10-09T12:40:12","date_gmt":"2024-10-09T10:40:12","guid":{"rendered":"https:\/\/sundar.be\/product\/clean-easy-remove-after-waxing-473-ml\/"},"modified":"2025-12-03T10:16:42","modified_gmt":"2025-12-03T09:16:42","slug":"clean-easy-remove-after-waxing-473-ml","status":"publish","type":"product","link":"https:\/\/sundar.be\/fr\/produit\/clean-easy-remove-after-waxing-473-ml\/","title":{"rendered":"Clean &amp; Easy Remove After Waxing, 473 ml"},"content":{"rendered":"<p><span style=\"color: #557e96;\"><strong>Clean &amp; Easy Remove After Waxing<\/strong><\/span> est une huile douce et nourrissante qui \u00e9limine efficacement les r\u00e9sidus de cire tout en prenant soin de la peau apr\u00e8s l\u2019\u00e9pilation. Sa formule \u00e0 base d\u2019huile min\u00e9rale, de lanoline, d\u2019huile de germe de bl\u00e9 et de vitamines A &amp; E adoucit la peau, pr\u00e9vient le dess\u00e8chement et soutient la r\u00e9paration cutan\u00e9e apr\u00e8s le traitement. La peau devient imm\u00e9diatement souple, lisse et confortable, sans sensation de tiraillement.  <\/p>\n","protected":false},"excerpt":{"rendered":"<div id=\"ui-id-2\" class=\"accordion_content box-border box-padding-5x no-border-top ui-accordion-content ui-corner-bottom ui-helper-reset ui-widget-content ui-accordion-content-active\" role=\"tabpanel\" aria-labelledby=\"ui-id-1\" aria-hidden=\"false\">\n<div id=\"tep-desc\" class=\"tep-section-content\">\n<p data-start=\"702\" data-end=\"864\">Cette huile post-\u00e9pilation retire sans effort les r\u00e9sidus de cire et adoucit la peau gr\u00e2ce \u00e0 ses huiles nourrissantes et ses vitamines. La peau est instantan\u00e9ment lisse, souple et apais\u00e9e. <\/p>\n<\/div>\n<\/div>\n<div id=\"reviewsContainer\">\n<div id=\"reviews-main-tab\">\n<div id=\"tabs-3\" class=\"accordion_heading reviews box-border box-padding-5x ui-accordion-header ui-corner-top ui-accordion-header-collapsed ui-corner-all ui-state-default ui-accordion-icons\" tabindex=\"-1\" role=\"tab\" aria-controls=\"tabs-3\" aria-selected=\"false\" aria-expanded=\"false\"><\/div>\n<\/div>\n<\/div>\n","protected":false},"featured_media":43610,"comment_status":"open","ping_status":"closed","template":"","meta":{"_acf_changed":false},"product_brand":[],"product_cat":[4767,1584,5243],"product_tag":[],"class_list":{"0":"post-43622","1":"product","2":"type-product","3":"status-publish","4":"has-post-thumbnail","6":"product_cat-beaute","7":"product_cat-depilation","8":"product_cat-soin-pres-post-epilation","10":"first","11":"instock","12":"taxable","13":"shipping-taxable","14":"product-type-simple"},"acf":[],"_links":{"self":[{"href":"https:\/\/sundar.be\/fr\/wp-json\/wp\/v2\/product\/43622","targetHints":{"allow":["GET"]}}],"collection":[{"href":"https:\/\/sundar.be\/fr\/wp-json\/wp\/v2\/product"}],"about":[{"href":"https:\/\/sundar.be\/fr\/wp-json\/wp\/v2\/types\/product"}],"replies":[{"embeddable":true,"href":"https:\/\/sundar.be\/fr\/wp-json\/wp\/v2\/comments?post=43622"}],"wp:featuredmedia":[{"embeddable":true,"href":"https:\/\/sundar.be\/fr\/wp-json\/wp\/v2\/media\/43610"}],"wp:attachment":[{"href":"https:\/\/sundar.be\/fr\/wp-json\/wp\/v2\/media?parent=43622"}],"wp:term":[{"taxonomy":"product_brand","embeddable":true,"href":"https:\/\/sundar.be\/fr\/wp-json\/wp\/v2\/product_brand?post=43622"},{"taxonomy":"product_cat","embeddable":true,"href":"https:\/\/sundar.be\/fr\/wp-json\/wp\/v2\/product_cat?post=43622"},{"taxonomy":"product_tag","embeddable":true,"href":"https:\/\/sundar.be\/fr\/wp-json\/wp\/v2\/product_tag?post=43622"}],"curies":[{"name":"wp","href":"https:\/\/api.w.org\/{rel}","templated":true}]}}