{"id":43602,"date":"2024-10-09T12:22:19","date_gmt":"2024-10-09T10:22:19","guid":{"rendered":"https:\/\/sundar.be\/product\/clean-easy-rouleau-de-resine\/"},"modified":"2025-08-04T13:44:35","modified_gmt":"2025-08-04T11:44:35","slug":"clean-easy-rouleau-de-resine","status":"publish","type":"product","link":"https:\/\/sundar.be\/fr\/produit\/clean-easy-rouleau-de-resine\/","title":{"rendered":"Clean &amp; Easy Rouleau de r\u00e9sine"},"content":{"rendered":"<p>Rouleaux pour recharges de r\u00e9sine de diff\u00e9rentes tailles.<\/p>\n","protected":false},"excerpt":{"rendered":"<p>Rouleaux pour recharges de r\u00e9sine de diff\u00e9rentes tailles.<\/p>\n","protected":false},"featured_media":43590,"comment_status":"open","ping_status":"closed","template":"","meta":{"_acf_changed":false},"product_brand":[],"product_cat":[4767,4600,1584,5720],"product_tag":[],"class_list":{"0":"post-43602","1":"product","2":"type-product","3":"status-publish","4":"has-post-thumbnail","6":"product_cat-beaute","7":"product_cat-cartouches-de-cire","8":"product_cat-depilation","9":"product_cat-epilation-resine-sucre","10":"pa_maat-fine-sourcils","11":"pa_maat-large-jambes","12":"pa_maat-medium-aisselles-bikini","13":"pa_maat-small-visage","15":"first","16":"instock","17":"taxable","18":"shipping-taxable","19":"product-type-variable"},"acf":[],"_links":{"self":[{"href":"https:\/\/sundar.be\/fr\/wp-json\/wp\/v2\/product\/43602","targetHints":{"allow":["GET"]}}],"collection":[{"href":"https:\/\/sundar.be\/fr\/wp-json\/wp\/v2\/product"}],"about":[{"href":"https:\/\/sundar.be\/fr\/wp-json\/wp\/v2\/types\/product"}],"replies":[{"embeddable":true,"href":"https:\/\/sundar.be\/fr\/wp-json\/wp\/v2\/comments?post=43602"}],"wp:featuredmedia":[{"embeddable":true,"href":"https:\/\/sundar.be\/fr\/wp-json\/wp\/v2\/media\/43590"}],"wp:attachment":[{"href":"https:\/\/sundar.be\/fr\/wp-json\/wp\/v2\/media?parent=43602"}],"wp:term":[{"taxonomy":"product_brand","embeddable":true,"href":"https:\/\/sundar.be\/fr\/wp-json\/wp\/v2\/product_brand?post=43602"},{"taxonomy":"product_cat","embeddable":true,"href":"https:\/\/sundar.be\/fr\/wp-json\/wp\/v2\/product_cat?post=43602"},{"taxonomy":"product_tag","embeddable":true,"href":"https:\/\/sundar.be\/fr\/wp-json\/wp\/v2\/product_tag?post=43602"}],"curies":[{"name":"wp","href":"https:\/\/api.w.org\/{rel}","templated":true}]}}